{"id":76,"date":"2017-02-15T14:37:45","date_gmt":"2017-02-15T14:37:45","guid":{"rendered":"http:\/\/hydra.vrenergy.eu\/?page_id=76"},"modified":"2022-06-24T01:32:37","modified_gmt":"2022-06-24T01:32:37","slug":"aplicaciones","status":"publish","type":"page","link":"https:\/\/hydraredox.com\/es\/aplicaciones\/","title":{"rendered":"Aplicaciones"},"content":{"rendered":"<div id=\"cs-content\" class=\"cs-content\" ><div id=\"backG\" class=\"x-section bg-image\" style=\"margin: 0px;padding: 140px 0px 10px; background-image: url(https:\/\/hydraredox.com\/es\/files\/2017\/09\/hydraRedoxFront6-1024x489.jpg); background-color: transparent;\"  data-x-element=\"section\" data-x-params=\"{&quot;type&quot;:&quot;image&quot;,&quot;parallax&quot;:false}\" ><div class=\"x-container max width\" style=\"margin: 0px auto;padding: 0px;\"  ><div  class=\"x-column x-sm cs-ta-center x-1-1\" style=\"padding: 0px;\" ><h2  class=\"h-custom-headline man h4\" style=\"color: hsl(0, 0%, 100%);font-size:54px;text-shadow: 0 0 20px #000;\"><span>APLICACIONES<\/span><\/h2><\/div><\/div><\/div><div id=\"x-section-2\" class=\"x-section\" style=\"margin: 0px;padding: 70px 0px 0px; background-color: transparent;\"  ><div class=\"x-container max width\" style=\"margin: 0px auto;padding: 0px;\"  ><div  class=\"x-column x-sm x-1-1\" style=\"padding: 10px 10px 0px;\" ><h2 id=\"basstre\" class=\"h-custom-headline man h5\" style=\"color: hsl(30, 98%, 50%);\"><span>RANGO DE APLICACIONES<\/span><\/h2><div class=\"x-text cs-ta-justify\" style=\"font-size:22px;line-height:27px;\"  ><p>Las excepcionales caracter\u00edsticas t\u00e9cnicas de HydraRedox, su escalabilidad y alto grado de personalizaci\u00f3n, incrementan ampliamente su gama de aplicaciones y usuarios finales. Por su parte, la flexibilidad de su dise\u00f1o permite que el almacenamiento HydraRedox pueda utilizarse para m\u00faltiples aplicaciones (simult\u00e1neamente o en diferentes momentos) generando m\u00faltiples flujos de valor.<\/p>\n<\/div><\/div><\/div><div class=\"x-container max width\" style=\"margin: 0px auto;padding: 0px 5%;\"  ><div  class=\"x-column x-sm x-1-1\" style=\"padding: 0px;\" ><hr  class=\"x-hr\" style=\"border-top-color: hsl(30, 98%, 50%);border-top-width: 1px;\"><\/div><\/div><div class=\"x-container max width\" style=\"margin: 0px auto;padding: 0px 5%;font-size:22px;line-height:26px;\"  ><div  class=\"x-column x-sm cs-ta-right x-1-5\" style=\"padding: 0px;\" ><div class=\"x-text cs-ta-right\" style=\"margin-bottom:-30px;padding:0px;\"  ><p><strong><span>Control de picos de demanda<\/span><\/strong><\/p>\n<\/div><\/div><div  class=\"x-column x-sm x-4-5\" style=\"padding: 0px;\" ><div class=\"x-text\"  ><p>Utilizar la energ\u00eda almacenada para hacer frente a la demanda m\u00e1xima, evitando as\u00ed la necesidad de ampliar capacidad.<\/p>\n<\/div><\/div><\/div><div class=\"x-container max width\" style=\"margin: 0px auto;padding: 0px 5%;\"  ><div  class=\"x-column x-sm x-1-1\" style=\"padding: 0px;\" ><hr  class=\"x-hr\" style=\"margin-top:0px;border-top-color: hsl(30, 98%, 50%);border-top-width: 1px;\"><\/div><\/div><div class=\"x-container max width\" style=\"margin: 0px auto;padding: 0px 5%;font-size:22px;line-height:26px;\"  ><div  class=\"x-column x-sm cs-ta-right x-1-5\" style=\"padding: 0px;\" ><div class=\"x-text cs-ta-right\" style=\"margin-bottom:-30px;padding:0px;\"  ><p><strong><span>Calidad de suministro<\/span><\/strong><\/p>\n<\/div><\/div><div  class=\"x-column x-sm x-4-5\" style=\"padding: 0px;\" ><div class=\"x-text\"  ><p>Proporcionar una respuesta r\u00e1pida y precisa y proteger frente a perturbaciones de corta duraci\u00f3n en la red.<\/p>\n<\/div><\/div><\/div><div class=\"x-container max width\" style=\"margin: 0px auto;padding: 0px 5%;\"  ><div  class=\"x-column x-sm x-1-1\" style=\"padding: 0px;\" ><hr  class=\"x-hr\" style=\"margin-top:0px;border-top-color: hsl(30, 98%, 50%);border-top-width: 1px;\"><\/div><\/div><div class=\"x-container max width\" style=\"margin: 0px auto;padding: 0px 5%;font-size:22px;line-height:26px;\"  ><div  class=\"x-column x-sm cs-ta-right x-1-5\" style=\"padding: 0px;\" ><div class=\"x-text cs-ta-right\" style=\"margin-bottom:-30px;padding:0px;\"  ><p><strong><span>Integraci\u00f3n de Renovables<\/span><\/strong><\/p>\n<\/div><\/div><div  class=\"x-column x-sm x-4-5\" style=\"padding: 0px;\" ><div class=\"x-text\"  ><p>Compensar la variabilidad de la generaci\u00f3n renovable, haciendo frente al desajuste entre generaci\u00f3n y demanda y a la compatibilidad con la red.<\/p>\n<\/div><\/div><\/div><div class=\"x-container max width\" style=\"margin: 0px auto;padding: 0px 5%;\"  ><div  class=\"x-column x-sm x-1-1\" style=\"padding: 0px;\" ><hr  class=\"x-hr\" style=\"margin-top:0px;border-top-color: hsl(30, 98%, 50%);border-top-width: 1px;\"><\/div><\/div><div class=\"x-container max width\" style=\"margin: 0px auto;padding: 0px 5%;font-size:22px;line-height:26px;\"  ><div  class=\"x-column x-sm cs-ta-right x-1-5\" style=\"padding: 0px;\" ><div class=\"x-text cs-ta-right\" style=\"margin-bottom:-30px;padding:0px;\"  ><p><strong><span>Arbitraje<\/span><\/strong><\/p>\n<\/div><\/div><div  class=\"x-column x-sm x-4-5\" style=\"padding: 0px;\" ><div class=\"x-text\"  ><p>Comprar electricidad de la red cuando es barata y almacenarla para su uso posterior cuando la electricidad de la red es m\u00e1s cara- reduciendo as\u00ed los gastos generales.<\/p>\n<\/div><\/div><\/div><div class=\"x-container max width\" style=\"margin: 0px auto;padding: 0px 5%;\"  ><div  class=\"x-column x-sm x-1-1\" style=\"padding: 0px;\" ><hr  class=\"x-hr\" style=\"margin-top:0px;border-top-color: hsl(30, 98%, 50%);border-top-width: 1px;\"><\/div><\/div><div class=\"x-container max width\" style=\"margin: 0px auto;padding: 0px 5%;font-size:22px;line-height:26px;\"  ><div  class=\"x-column x-sm cs-ta-right x-1-5\" style=\"padding: 0px;\" ><div class=\"x-text cs-ta-right\" style=\"margin-bottom:-30px;padding:0px;\"  ><p><strong><span>Reservas para contingencias<\/span><\/strong><\/p>\n<\/div><\/div><div  class=\"x-column x-sm x-4-5\" style=\"padding: 0px;\" ><div class=\"x-text\"  ><p>Proporcionar grandes reservas de energ\u00eda para paliar una importante, repentina e inesperada p\u00e9rdida de generaci\u00f3n o capacidad de transmisi\u00f3n.<\/p>\n<\/div><\/div><\/div><div class=\"x-container max width\" style=\"margin: 0px auto;padding: 0px 5%;\"  ><div  class=\"x-column x-sm x-1-1\" style=\"padding: 0px;\" ><hr  class=\"x-hr\" style=\"margin-top:0px;border-top-color: hsl(30, 98%, 50%);border-top-width: 1px;\"><\/div><\/div><div class=\"x-container max width\" style=\"margin: 0px auto;padding: 0px 5%;font-size:22px;line-height:26px;\"  ><div  class=\"x-column x-sm cs-ta-right x-1-5\" style=\"padding: 0px;\" ><div class=\"x-text cs-ta-right\" style=\"margin-bottom:-30px;padding:0px;\"  ><p><strong><span>Regulaci\u00f3n de frecuencia<\/span><\/strong><\/p>\n<\/div><\/div><div  class=\"x-column x-sm x-4-5\" style=\"padding: 0px;\" ><div class=\"x-text\"  ><p>Mantener la frecuencia de red dentro de su rango nominal mediante una respuesta r\u00e1pida restableciendo el equilibrio entre demanda y oferta.<\/p>\n<\/div><\/div><\/div><div class=\"x-container max width\" style=\"margin: 0px auto;padding: 0px 5%;\"  ><div  class=\"x-column x-sm x-1-1\" style=\"padding: 0px;\" ><hr  class=\"x-hr\" style=\"margin-top:0px;border-top-color: hsl(30, 98%, 50%);border-top-width: 1px;\"><\/div><\/div><div class=\"x-container max width\" style=\"margin: 0px auto;padding: 0px 5%;font-size:22px;line-height:26px;\"  ><div  class=\"x-column x-sm cs-ta-right x-1-5\" style=\"padding: 0px;\" ><div class=\"x-text cs-ta-right\" style=\"margin-bottom:-30px;padding:0px;\"  ><p><strong><span>Transferencia de carga<\/span><\/strong><\/p>\n<\/div><\/div><div  class=\"x-column x-sm x-4-5\" style=\"padding: 0px;\" ><div class=\"x-text\"  ><p>Cambiar el perfil de consumo de energ\u00eda en el tiempo y reducir los huecos\/retrasos que se producen al cambiar de una fuente de energ\u00eda a otra.<\/p>\n<\/div><\/div><\/div><div class=\"x-container max width\" style=\"margin: 0px auto;padding: 0px 5%;\"  ><div  class=\"x-column x-sm x-1-1\" style=\"padding: 0px;\" ><hr  class=\"x-hr\" style=\"margin-top:0px;border-top-color: hsl(30, 98%, 50%);border-top-width: 1px;\"><\/div><\/div><div class=\"x-container max width\" style=\"margin: 0px auto;padding: 0px 5%;font-size:22px;line-height:26px;\"  ><div  class=\"x-column x-sm cs-ta-right x-1-5\" style=\"padding: 0px;\" ><div class=\"x-text cs-ta-right\" style=\"margin-bottom:-30px;padding:0px;\"  ><p><strong><span>SAI\/ Sistema de Respaldo<\/span><\/strong><\/p>\n<\/div><\/div><div  class=\"x-column x-sm x-4-5\" style=\"padding: 0px;\" ><div class=\"x-text\"  ><p>Proporcionar una respuesta de respaldo inmediata en caso de interrupciones.<\/p>\n<\/div><\/div><\/div><div class=\"x-container max width\" style=\"margin: 0px auto;padding: 0px 5%;\"  ><div  class=\"x-column x-sm x-1-1\" style=\"padding: 0px;\" ><hr  class=\"x-hr\" style=\"margin-top:0px;border-top-color: hsl(30, 98%, 50%);border-top-width: 1px;\"><\/div><\/div><\/div><div id=\"x-section-3\" class=\"x-section\" style=\"margin: 50px 0px 0px;padding: 0px; background-color: transparent;\"  ><div class=\"x-container max width\" style=\"margin: 0px auto;padding: 0px;\"  ><div  class=\"x-column x-sm x-1-1\" style=\"padding: 0px;\" ><h2 id=\"basstre\" class=\"h-custom-headline man h5\" style=\"color: hsl(30, 98%, 50%);\"><span>BENEFICIOS PARA LOS USUARIOS DE SISTEMAS DE ALMACENAMIENTO EL\u00c9CTRICO<\/span><\/h2><div class=\"x-text cs-ta-justify\" style=\"font-size:22px;line-height:27px;\"  ><p>Las soluciones de almacenamiento a gran escala de HydraRedox proporcionan un amplio abanico de beneficios a los sectores renovable, industrial y el\u00e9ctrico.<\/p>\n<\/div><\/div><\/div><div class=\"x-container max width\" style=\"margin: 0px auto;padding: 0px;\"  ><div  class=\"x-column x-sm cs-ta-right x-1-3\" style=\"padding: 0px;\" ><img  class=\"x-img x-img-none\" style=\"width:100px;\" src=\"https:\/\/i0.wp.com\/hydraredox.com\/es\/files\/2017\/09\/solarPanelWindMill1-570x1024.png?resize=570%2C1024&#038;ssl=1\"  data-recalc-dims=\"1\"><\/div><div  class=\"x-column x-sm x-2-3\" style=\"padding: 0px;\" ><h2  class=\"h-custom-headline man h6\" style=\"font-size:30px;\"><span>ENERG\u00cdAS RENOVABLES<\/span><\/h2><div class=\"x-text\" style=\"font-size:22px;line-height:27px;margin-top:5px;\"  ><ul>\n<li>Acelerar el crecimiento de las energ\u00edas renovables en el mundo<\/li>\n<li>Aumentar la descentralizaci\u00f3n, micro-redes, suministrando electricidad de forma fiable a zonas remotas<\/li>\n<li>Reducir la dependencia de los generadores diesel<\/li>\n<\/ul>\n<\/div><\/div><\/div><div class=\"x-container max width\" style=\"margin: 0px auto;padding: 0px;\"  ><div  class=\"x-column x-sm x-1-1\" style=\"padding: 0px;\" ><hr  class=\"x-hr\" style=\"border-top-color: hsl(30, 98%, 50%);border-top-width: 1px;\"><\/div><\/div><div class=\"x-container max width\" style=\"margin: 0px auto;padding: 0px;\"  ><div  class=\"x-column x-sm cs-ta-right x-1-3\" style=\"padding: 0px;\" ><i  class=\"x-icon x-icon-industry\" style=\"text-align: center; color: hsl(30, 98%, 50%); font-size: 100px;\" data-x-icon=\"&#xf275;\" aria-hidden=\"true\"><\/i><\/div><div  class=\"x-column x-sm x-2-3\" style=\"padding: 0px;\" ><h2  class=\"h-custom-headline man h6\" style=\"font-size:30px;\"><span>INDUSTRIAL Y COMERCIAL<\/span><\/h2><div class=\"x-text\" style=\"font-size:22px;line-height:27px;margin-top:5px;\"  ><ul>\n<li>Asegurar la calidad y fiabilidad del suministro el\u00e9ctrico<\/li>\n<li>Gestionar el incremento\/variabilidad del coste el\u00e9ctrico<\/li>\n<li>Proporcionar un almacenamiento independiente de larga duraci\u00f3n a industrias con un uso intensivo de energ\u00eda<\/li>\n<\/ul>\n<\/div><\/div><\/div><div class=\"x-container max width\" style=\"margin: 0px auto;padding: 0px;\"  ><div  class=\"x-column x-sm x-1-1\" style=\"padding: 0px;\" ><hr  class=\"x-hr\" style=\"border-top-color: hsl(30, 98%, 50%);border-top-width: 1px;\"><\/div><\/div><div class=\"x-container max width\" style=\"margin: 0px auto;padding: 0px;\"  ><div  class=\"x-column x-sm cs-ta-right x-1-3\" style=\"padding: 0px;\" ><img  class=\"x-img x-img-none\" style=\"width:100px;\" src=\"https:\/\/i0.wp.com\/hydraredox.com\/es\/files\/2017\/09\/grid1-691x1024.png?resize=691%2C1024&#038;ssl=1\"  data-recalc-dims=\"1\"><\/div><div  class=\"x-column x-sm x-2-3\" style=\"padding: 0px;\" ><h2  class=\"h-custom-headline man h6\" style=\"font-size:30px;\"><span>COMERCIALIZACI\u00d3N\/DISTRIBUCI\u00d3N EL\u00c9CTRICA<\/span><\/h2><div class=\"x-text\" style=\"font-size:22px;line-height:27px;margin-top:5px;\"  ><ul>\n<li>Reducir la necesidad de excesos de capacidad para satisfacer la demanda pico<\/li>\n<li>Permitir una integraci\u00f3n total de las energ\u00edas renovables para disponer de una red verde y m\u00e1s estable<\/li>\n<li>Proporcionar servicios auxiliares<\/li>\n<\/ul>\n<\/div><\/div><\/div><\/div><\/div>\n","protected":false},"excerpt":{"rendered":"<p>HydraRedox\u2019s unique technical specifications, scalability and high degree of customization widely extends its range of applications and end-users. The flexibility of design means that HydraRedox storage can be used for multiple applications (simultaneously or at different times) generating multiple value streams.<\/p>\n","protected":false},"author":1,"featured_media":0,"parent":0,"menu_order":0,"comment_status":"closed","ping_status":"closed","template":"template-blank-4.php","meta":{"spay_email":""},"yoast_head":"<!-- This site is optimized with the Yoast SEO plugin v19.1 - https:\/\/yoast.com\/wordpress\/plugins\/seo\/ -->\n<title>Aplicaciones - Hydraredox<\/title>\n<meta name=\"description\" content=\"HydraRedox\u2019s unique technical specifications, scalability and high degree of customization widely extends its range of applications and end-users. The flexibility of design means that HydraRedox storage can be used for multiple applications (simultaneously or at different times) generating multiple value streams.\" \/>\n<meta name=\"robots\" content=\"index, follow, max-snippet:-1, max-image-preview:large, max-video-preview:-1\" \/>\n<link rel=\"canonical\" href=\"https:\/\/hydraredox.com\/es\/aplicaciones\/\" \/>\n<meta property=\"og:locale\" content=\"es_ES\" \/>\n<meta property=\"og:type\" content=\"article\" \/>\n<meta property=\"og:title\" content=\"Aplicaciones - Hydraredox\" \/>\n<meta property=\"og:description\" content=\"HydraRedox\u2019s unique technical specifications, scalability and high degree of customization widely extends its range of applications and end-users. The flexibility of design means that HydraRedox storage can be used for multiple applications (simultaneously or at different times) generating multiple value streams.\" \/>\n<meta property=\"og:url\" content=\"https:\/\/hydraredox.com\/es\/aplicaciones\/\" \/>\n<meta property=\"og:site_name\" content=\"Hydraredox\" \/>\n<meta property=\"article:modified_time\" content=\"2022-06-24T01:32:37+00:00\" \/>\n<meta name=\"twitter:card\" content=\"summary\" \/>\n<meta name=\"twitter:label1\" content=\"Tiempo de lectura\" \/>\n\t<meta name=\"twitter:data1\" content=\"11 minutos\" \/>\n<script type=\"application\/ld+json\" class=\"yoast-schema-graph\">{\"@context\":\"https:\/\/schema.org\",\"@graph\":[{\"@type\":\"WebSite\",\"@id\":\"https:\/\/hydraredox.com\/es\/#website\",\"url\":\"https:\/\/hydraredox.com\/es\/\",\"name\":\"Hydraredox\",\"description\":\"Revolucionaria Tecnolog\u00eda de Vanadio Redox\",\"potentialAction\":[{\"@type\":\"SearchAction\",\"target\":{\"@type\":\"EntryPoint\",\"urlTemplate\":\"https:\/\/hydraredox.com\/es\/?s={search_term_string}\"},\"query-input\":\"required name=search_term_string\"}],\"inLanguage\":\"es\"},{\"@type\":\"WebPage\",\"@id\":\"https:\/\/hydraredox.com\/es\/aplicaciones\/#webpage\",\"url\":\"https:\/\/hydraredox.com\/es\/aplicaciones\/\",\"name\":\"Aplicaciones - Hydraredox\",\"isPartOf\":{\"@id\":\"https:\/\/hydraredox.com\/es\/#website\"},\"datePublished\":\"2017-02-15T14:37:45+00:00\",\"dateModified\":\"2022-06-24T01:32:37+00:00\",\"description\":\"HydraRedox\u2019s unique technical specifications, scalability and high degree of customization widely extends its range of applications and end-users. The flexibility of design means that HydraRedox storage can be used for multiple applications (simultaneously or at different times) generating multiple value streams.\",\"breadcrumb\":{\"@id\":\"https:\/\/hydraredox.com\/es\/aplicaciones\/#breadcrumb\"},\"inLanguage\":\"es\",\"potentialAction\":[{\"@type\":\"ReadAction\",\"target\":[\"https:\/\/hydraredox.com\/es\/aplicaciones\/\"]}]},{\"@type\":\"BreadcrumbList\",\"@id\":\"https:\/\/hydraredox.com\/es\/aplicaciones\/#breadcrumb\",\"itemListElement\":[{\"@type\":\"ListItem\",\"position\":1,\"name\":\"Portada\",\"item\":\"https:\/\/hydraredox.com\/es\/\"},{\"@type\":\"ListItem\",\"position\":2,\"name\":\"Aplicaciones\"}]}]}<\/script>\n<!-- \/ Yoast SEO plugin. -->","yoast_head_json":{"title":"Aplicaciones - Hydraredox","description":"HydraRedox\u2019s unique technical specifications, scalability and high degree of customization widely extends its range of applications and end-users. The flexibility of design means that HydraRedox storage can be used for multiple applications (simultaneously or at different times) generating multiple value streams.","robots":{"index":"index","follow":"follow","max-snippet":"max-snippet:-1","max-image-preview":"max-image-preview:large","max-video-preview":"max-video-preview:-1"},"canonical":"https:\/\/hydraredox.com\/es\/aplicaciones\/","og_locale":"es_ES","og_type":"article","og_title":"Aplicaciones - Hydraredox","og_description":"HydraRedox\u2019s unique technical specifications, scalability and high degree of customization widely extends its range of applications and end-users. The flexibility of design means that HydraRedox storage can be used for multiple applications (simultaneously or at different times) generating multiple value streams.","og_url":"https:\/\/hydraredox.com\/es\/aplicaciones\/","og_site_name":"Hydraredox","article_modified_time":"2022-06-24T01:32:37+00:00","twitter_card":"summary","twitter_misc":{"Tiempo de lectura":"11 minutos"},"schema":{"@context":"https:\/\/schema.org","@graph":[{"@type":"WebSite","@id":"https:\/\/hydraredox.com\/es\/#website","url":"https:\/\/hydraredox.com\/es\/","name":"Hydraredox","description":"Revolucionaria Tecnolog\u00eda de Vanadio Redox","potentialAction":[{"@type":"SearchAction","target":{"@type":"EntryPoint","urlTemplate":"https:\/\/hydraredox.com\/es\/?s={search_term_string}"},"query-input":"required name=search_term_string"}],"inLanguage":"es"},{"@type":"WebPage","@id":"https:\/\/hydraredox.com\/es\/aplicaciones\/#webpage","url":"https:\/\/hydraredox.com\/es\/aplicaciones\/","name":"Aplicaciones - Hydraredox","isPartOf":{"@id":"https:\/\/hydraredox.com\/es\/#website"},"datePublished":"2017-02-15T14:37:45+00:00","dateModified":"2022-06-24T01:32:37+00:00","description":"HydraRedox\u2019s unique technical specifications, scalability and high degree of customization widely extends its range of applications and end-users. The flexibility of design means that HydraRedox storage can be used for multiple applications (simultaneously or at different times) generating multiple value streams.","breadcrumb":{"@id":"https:\/\/hydraredox.com\/es\/aplicaciones\/#breadcrumb"},"inLanguage":"es","potentialAction":[{"@type":"ReadAction","target":["https:\/\/hydraredox.com\/es\/aplicaciones\/"]}]},{"@type":"BreadcrumbList","@id":"https:\/\/hydraredox.com\/es\/aplicaciones\/#breadcrumb","itemListElement":[{"@type":"ListItem","position":1,"name":"Portada","item":"https:\/\/hydraredox.com\/es\/"},{"@type":"ListItem","position":2,"name":"Aplicaciones"}]}]}},"jetpack_sharing_enabled":true,"jetpack_shortlink":"https:\/\/wp.me\/P991e0-1e","jetpack-related-posts":[{"id":1760,"url":"https:\/\/hydraredox.com\/es\/","url_meta":{"origin":76,"position":0},"title":"home2","date":"julio 13, 2020","format":false,"excerpt":"","rel":"","context":"Entrada similar","img":{"alt_text":"","src":"","width":0,"height":0},"classes":[]},{"id":52,"url":"https:\/\/hydraredox.com\/es\/home\/","url_meta":{"origin":76,"position":1},"title":"Home","date":"abril 8, 2015","format":false,"excerpt":"ENERGY STORAGE SOLUTIONS FOR THE RENEWABLE SECTOR. Clean, efficient and with generation cost lower than diesel, renewable energy offers a real answer to today\u2019s energy crisis. Intermittency however still poses a challenge with excess supply being wasted and undersupply facing penalties. HydraRedox develops electric energy storage solutions for renewable energy\u2026","rel":"","context":"Entrada similar","img":{"alt_text":"","src":"","width":0,"height":0},"classes":[]},{"id":74,"url":"https:\/\/hydraredox.com\/es\/project\/","url_meta":{"origin":76,"position":2},"title":"Project","date":"febrero 15, 2017","format":false,"excerpt":"","rel":"","context":"Entrada similar","img":{"alt_text":"","src":"","width":0,"height":0},"classes":[]},{"id":78,"url":"https:\/\/hydraredox.com\/es\/tecnologia\/","url_meta":{"origin":76,"position":3},"title":"Tecnolog\u00eda","date":"febrero 15, 2017","format":false,"excerpt":"The Hydraredox system is composed of two independent sections: power and energy. The power section is composed of individual electrochemical cells connected electrically in series which transform electrical energy into electrochemical energy (charge), and subsequently re-transforms it into electrical energy (discharge). The power required is achieved using a modular system\u2026","rel":"","context":"Entrada similar","img":{"alt_text":"","src":"","width":0,"height":0},"classes":[]},{"id":89,"url":"https:\/\/hydraredox.com\/es\/contacto\/","url_meta":{"origin":76,"position":4},"title":"Contacto","date":"febrero 15, 2017","format":false,"excerpt":"HYDRAREDOX EUROPE LTD, Offices A13-A14 Champion Business Park, Arrowe Brook Road, Wirral CH49 0AB, UNITED KINGDOM, info@hydraredox.com, Tel +1 203 423-3014 HYDRAREDOX IBERIA S.L., Gran V\u00eda 36, 1\u00ba izq., 50.005 ZARAGOZA, SPAIN, contacto@hydraredoxiberia.com, Tel +34 976 228896 HYDRAREDOX TECHNOLOGIES INC, Westport CT 06880, U.S.A, info@hydraredox.com, Tel +1 203 423-3014","rel":"","context":"Entrada similar","img":{"alt_text":"","src":"","width":0,"height":0},"classes":[]},{"id":715,"url":"https:\/\/hydraredox.com\/es\/tecnologia-antecedentes\/","url_meta":{"origin":76,"position":5},"title":"Tecnolog\u00eda Antecedentes","date":"julio 11, 2017","format":false,"excerpt":"HydraRedox has developed a radically new approach to vanadium redox which addresses and overcomes the shortcomings and limitations of conventional redox flow technology and offers a cost-effective solution for large scale energy storage with a product ready to match the requirements of the renewable sector today.","rel":"","context":"Entrada similar","img":{"alt_text":"","src":"","width":0,"height":0},"classes":[]}],"_links":{"self":[{"href":"https:\/\/hydraredox.com\/es\/wp-json\/wp\/v2\/pages\/76"}],"collection":[{"href":"https:\/\/hydraredox.com\/es\/wp-json\/wp\/v2\/pages"}],"about":[{"href":"https:\/\/hydraredox.com\/es\/wp-json\/wp\/v2\/types\/page"}],"author":[{"embeddable":true,"href":"https:\/\/hydraredox.com\/es\/wp-json\/wp\/v2\/users\/1"}],"replies":[{"embeddable":true,"href":"https:\/\/hydraredox.com\/es\/wp-json\/wp\/v2\/comments?post=76"}],"version-history":[{"count":7,"href":"https:\/\/hydraredox.com\/es\/wp-json\/wp\/v2\/pages\/76\/revisions"}],"predecessor-version":[{"id":2125,"href":"https:\/\/hydraredox.com\/es\/wp-json\/wp\/v2\/pages\/76\/revisions\/2125"}],"wp:attachment":[{"href":"https:\/\/hydraredox.com\/es\/wp-json\/wp\/v2\/media?parent=76"}],"curies":[{"name":"wp","href":"https:\/\/api.w.org\/{rel}","templated":true}]}}