{"id":715,"date":"2017-07-11T12:16:10","date_gmt":"2017-07-11T12:16:10","guid":{"rendered":"http:\/\/hydra.vrenergy.eu\/?page_id=715"},"modified":"2022-06-24T01:31:37","modified_gmt":"2022-06-24T01:31:37","slug":"tecnologia-antecedentes","status":"publish","type":"page","link":"https:\/\/hydraredox.com\/es\/tecnologia-antecedentes\/","title":{"rendered":"Tecnolog\u00eda Antecedentes"},"content":{"rendered":"<div id=\"cs-content\" class=\"cs-content\" ><div id=\"x-section-1\" class=\"x-section cs-ta-center bg-image parallax\" style=\"margin: 0px;padding: 140px 0px 10px; background-image: url(https:\/\/hydraredox.com\/es\/files\/2022\/06\/hydraRedoxFront4.jpeg); background-color: transparent;\"  data-x-element=\"section\" data-x-params=\"{&quot;type&quot;:&quot;image&quot;,&quot;parallax&quot;:true}\" ><div class=\"x-container max width\" style=\"margin: 0px auto;padding: 0px;\"  ><div  class=\"x-column x-sm x-1-1\" style=\"padding: 0px;\" ><h2  class=\"h-custom-headline man h4\" style=\"color: hsl(0, 0%, 100%);font-size:54px;text-shadow: 0 0 20px #000;\"><span>TECNOLOG\u00cdA &#8211; ANTECEDENTES<\/span><\/h2><\/div><\/div><\/div><div id=\"x-section-2\" class=\"x-section\" style=\"margin: 0px;padding: 70px 0px 0px; background-color: transparent;\"  ><div class=\"x-container max width\" style=\"margin: 0px auto;padding: 0px;\"  ><div  class=\"x-column x-sm x-1-1\" style=\"padding: 10px;\" ><h2 id=\"basstre\" class=\"h-custom-headline cs-ta-left man h5\" style=\"color: hsl(30, 98%, 50%);\"><span>TIPOS DE ALMACENAMIENTO DE ENERG\u00cdA<\/span><\/h2><div class=\"x-text cs-ta-justify\" style=\"font-size:22px;line-height:27px;\"  ><p>El almacenamiento de energ\u00eda no es un concepto nuevo, pero a d\u00eda de hoy el 99% de la energ\u00eda almacenada lo es en forma de sistemas hidroel\u00e9ctricos de bombeo. Otras tecnolog\u00edas estacionarias de almacenamiento (mec\u00e1nicas, t\u00e9rmicas, qu\u00edmicas el\u00e9ctricas y electroqu\u00edmicas) se encuentran en diversas fases de desarrollo y tienen caracter\u00edsticas muy diferentes. Entre \u00e9stas, el almacenamiento electroqu\u00edmico se considera desde hace tiempo como una de las soluciones m\u00e1s prometedoras para aplicaciones a gran escala.<\/p>\n<\/div><\/div><\/div><div class=\"x-container max width\" style=\"margin: 0px auto;padding: 0px;\"  ><div  class=\"x-column x-sm x-1-5\" style=\"padding: 0px;\" >&nbsp;<\/div><div  class=\"x-column x-sm x-3-5\" style=\"padding: 0px;\" ><img  class=\"x-img x-img-none\"  src=\"https:\/\/i0.wp.com\/hydraredox.com\/es\/files\/2017\/09\/diagrama1nuevoHydraredoxBes.png?ssl=1\"  data-recalc-dims=\"1\"><\/div><div  class=\"x-column x-sm x-1-5\" style=\"padding: 0px;\" >&nbsp;<\/div><\/div><\/div><div id=\"x-section-3\" class=\"x-section\" style=\"margin: 0px;padding: 70px 0px 0px; background-color: transparent;\"  ><div class=\"x-container max width\" style=\"margin: 0px auto;padding: 0px;\"  ><div  class=\"x-column x-sm x-1-1\" style=\"padding: 20px 0px 0px;\" ><h2 id=\"basstre\" class=\"h-custom-headline cs-ta-left man h5\" style=\"color: hsl(30, 98%, 50%);\"><span>ALMACENAMIENTO ELECTROQU\u00cdMICO<\/span><\/h2><div class=\"x-text cs-ta-justify\" style=\"font-size:22px;line-height:27px;\"  ><p>Existen dos tipos de almacenamiento electroqu\u00edmico: bater\u00edas de estado s\u00f3lido y bater\u00edas de flujo. Las bater\u00edas de estado s\u00f3lido son conocidas como &quot;sistemas cerrados&quot;, como las de iones de litio (donde la relaci\u00f3n entre la potencia (kW) y la energ\u00eda (kWh) es una relaci\u00f3n fija). Las bater\u00edas de flujo (redox e h\u00edbridas) tambi\u00e9n se conocen como &quot;sistemas abiertos&quot;. En las bater\u00edas de flujo, la energ\u00eda se almacena en forma de electrolitos (una soluci\u00f3n acuosa) y la potencia y la energ\u00eda son independientes.<\/p>\n<p>La tecnolog\u00eda de iones de litio est\u00e1 experimentando un r\u00e1pido crecimiento. Sin embargo, todav\u00eda se enfrenta a desaf\u00edos, como la flexibilidad, escalabilidad, operaci\u00f3n segura y un reciclaje respetuoso con el medio ambiente, los cuales crecen exponencialmente en el sector de las energ\u00edas renovables. Las bater\u00edas de flujo ofrecen una alternativa viable.<\/p>\n<\/div><\/div><\/div><\/div><div id=\"x-section-4\" class=\"x-section cs-ta-center\" style=\"margin: 0px;padding: 30px 0px 0px; background-color: transparent;\"  ><div class=\"x-container max width\" style=\"margin: 0px auto;padding: 0px;\"  ><div  class=\"x-column x-sm x-1-1\" style=\"padding: 0px;\" ><h2 id=\"basstre\" class=\"h-custom-headline cs-ta-left man h5\" style=\"color: hsl(30, 98%, 50%);\"><span>BATER\u00cdA REDOX DE VANADIO<\/span><\/h2><div class=\"x-text cs-ta-justify\" style=\"font-size:22px;line-height:27px;\"  ><p>Las bater\u00edas redox de vanadio est\u00e1n formadas por dos secciones independientes: potencia y energ\u00eda. La secci\u00f3n de potencia consiste en celdas electroqu\u00edmicas que convierten la energ\u00eda qu\u00edmica en energ\u00eda el\u00e9ctrica (y viceversa). La secci\u00f3n de energ\u00eda consiste en dos tanques (positivo y negativo) en los que la energ\u00eda se almacena de forma qu\u00edmica en una soluci\u00f3n llamada electrolito.<\/p>\n<\/div><\/div><\/div><div class=\"x-container max width\" style=\"margin: 0px auto;padding: 0px;\"  ><div  class=\"x-column x-sm x-1-3\" style=\"padding: 0px;\" ><img  class=\"x-img x-img-none\" style=\"width:280px;\" src=\"https:\/\/i0.wp.com\/hydraredox.com\/es\/files\/2017\/09\/vrDiagramSim1.png?ssl=1\"  data-recalc-dims=\"1\"><\/div><div  class=\"x-column x-sm x-2-3\" style=\"padding: 0px;\" ><div class=\"x-text cs-ta-justify\" style=\"font-size:22px;line-height:27px;\"  ><p>Cada celda est\u00e1 formada por dos compartimentos, uno con un electrodo positivo y el otro con un electrodo negativo, separados por una membrana. El electrolito es bombeado de los tanques a los dos compartimientos y entra en contacto con los electrodos. A trav\u00e9s de una reacci\u00f3n qu\u00edmica llamada redox (reducci\u00f3n-oxidaci\u00f3n) la composici\u00f3n del electrolito cambia, creando una escasez de electrones en el electrodo positivo y un exceso en el electrodo negativo.<\/p>\n<\/div><div class=\"x-text cs-ta-justify\" style=\"font-size:22px;line-height:27px;\"  ><p>Durante el ciclo de descarga (cuando la bater\u00eda suministra energ\u00eda), los electrones fluyen desde el polo negativo al positivo, generando una corriente el\u00e9ctrica. Durante el ciclo de carga (cuando la bater\u00eda est\u00e1 acumulando electricidad de fuentes externas), se aplica una corriente el\u00e9ctrica para invertir la reacci\u00f3n redox.<\/p>\n<\/div><\/div><\/div><div class=\"x-container max width\" style=\"margin: 0px auto;padding: 0px;\"  ><div  class=\"x-column x-sm cs-ta-justify x-1-1\" style=\"padding: 10px 0px 0px;\" ><blockquote  class=\"x-blockquote\" style=\"font-size:28px;color: #fc7f03;\"><span style=\"font-weight:700\">HydraRedox<\/span> ha desarrollado un enfoque radicalmente nuevo de la tecnolog\u00eda redox de vanadio que aborda y resuelve las deficiencias y limitaciones de la tecnolog\u00eda de flujo redox convencional y ofrece una soluci\u00f3n rentable para el almacenamiento de energ\u00eda a gran escala con un producto listo para satisfacer las necesidades del sector renovable a d\u00eda de hoy.<\/blockquote><\/div><\/div><\/div><\/div>\n","protected":false},"excerpt":{"rendered":"<p>HydraRedox has developed a radically new approach to vanadium redox which addresses and overcomes the shortcomings and limitations of conventional redox flow technology and offers a cost-effective solution for large scale energy storage with a product ready to match the requirements of the renewable sector today.<\/p>\n","protected":false},"author":1,"featured_media":0,"parent":0,"menu_order":0,"comment_status":"closed","ping_status":"closed","template":"template-blank-4.php","meta":{"spay_email":""},"yoast_head":"<!-- This site is optimized with the Yoast SEO plugin v19.1 - https:\/\/yoast.com\/wordpress\/plugins\/seo\/ -->\n<title>Tecnolog\u00eda Antecedentes - Hydraredox<\/title>\n<meta name=\"description\" content=\"Vanadium redox batteries are formed of two independent sections: power and energy. The power section consists of electrochemical cells that convert chemical energy to electrical energy (and vice versa). The energy section consists of two tanks (positive and negative) in which the energy is stored in chemical form in a solution called the electrolytes.\" \/>\n<meta name=\"robots\" content=\"index, follow, max-snippet:-1, max-image-preview:large, max-video-preview:-1\" \/>\n<link rel=\"canonical\" href=\"https:\/\/hydraredox.com\/es\/tecnologia-antecedentes\/\" \/>\n<meta property=\"og:locale\" content=\"es_ES\" \/>\n<meta property=\"og:type\" content=\"article\" \/>\n<meta property=\"og:title\" content=\"Tecnolog\u00eda Antecedentes - Hydraredox\" \/>\n<meta property=\"og:description\" content=\"Vanadium redox batteries are formed of two independent sections: power and energy. The power section consists of electrochemical cells that convert chemical energy to electrical energy (and vice versa). The energy section consists of two tanks (positive and negative) in which the energy is stored in chemical form in a solution called the electrolytes.\" \/>\n<meta property=\"og:url\" content=\"https:\/\/hydraredox.com\/es\/tecnologia-antecedentes\/\" \/>\n<meta property=\"og:site_name\" content=\"Hydraredox\" \/>\n<meta property=\"article:modified_time\" content=\"2022-06-24T01:31:37+00:00\" \/>\n<meta name=\"twitter:card\" content=\"summary\" \/>\n<meta name=\"twitter:label1\" content=\"Tiempo de lectura\" \/>\n\t<meta name=\"twitter:data1\" content=\"6 minutos\" \/>\n<script type=\"application\/ld+json\" class=\"yoast-schema-graph\">{\"@context\":\"https:\/\/schema.org\",\"@graph\":[{\"@type\":\"WebSite\",\"@id\":\"https:\/\/hydraredox.com\/es\/#website\",\"url\":\"https:\/\/hydraredox.com\/es\/\",\"name\":\"Hydraredox\",\"description\":\"Revolucionaria Tecnolog\u00eda de Vanadio Redox\",\"potentialAction\":[{\"@type\":\"SearchAction\",\"target\":{\"@type\":\"EntryPoint\",\"urlTemplate\":\"https:\/\/hydraredox.com\/es\/?s={search_term_string}\"},\"query-input\":\"required name=search_term_string\"}],\"inLanguage\":\"es\"},{\"@type\":\"WebPage\",\"@id\":\"https:\/\/hydraredox.com\/es\/tecnologia-antecedentes\/#webpage\",\"url\":\"https:\/\/hydraredox.com\/es\/tecnologia-antecedentes\/\",\"name\":\"Tecnolog\u00eda Antecedentes - Hydraredox\",\"isPartOf\":{\"@id\":\"https:\/\/hydraredox.com\/es\/#website\"},\"datePublished\":\"2017-07-11T12:16:10+00:00\",\"dateModified\":\"2022-06-24T01:31:37+00:00\",\"description\":\"Vanadium redox batteries are formed of two independent sections: power and energy. The power section consists of electrochemical cells that convert chemical energy to electrical energy (and vice versa). The energy section consists of two tanks (positive and negative) in which the energy is stored in chemical form in a solution called the electrolytes.\",\"breadcrumb\":{\"@id\":\"https:\/\/hydraredox.com\/es\/tecnologia-antecedentes\/#breadcrumb\"},\"inLanguage\":\"es\",\"potentialAction\":[{\"@type\":\"ReadAction\",\"target\":[\"https:\/\/hydraredox.com\/es\/tecnologia-antecedentes\/\"]}]},{\"@type\":\"BreadcrumbList\",\"@id\":\"https:\/\/hydraredox.com\/es\/tecnologia-antecedentes\/#breadcrumb\",\"itemListElement\":[{\"@type\":\"ListItem\",\"position\":1,\"name\":\"Portada\",\"item\":\"https:\/\/hydraredox.com\/es\/\"},{\"@type\":\"ListItem\",\"position\":2,\"name\":\"Tecnolog\u00eda Antecedentes\"}]}]}<\/script>\n<!-- \/ Yoast SEO plugin. -->","yoast_head_json":{"title":"Tecnolog\u00eda Antecedentes - Hydraredox","description":"Vanadium redox batteries are formed of two independent sections: power and energy. The power section consists of electrochemical cells that convert chemical energy to electrical energy (and vice versa). The energy section consists of two tanks (positive and negative) in which the energy is stored in chemical form in a solution called the electrolytes.","robots":{"index":"index","follow":"follow","max-snippet":"max-snippet:-1","max-image-preview":"max-image-preview:large","max-video-preview":"max-video-preview:-1"},"canonical":"https:\/\/hydraredox.com\/es\/tecnologia-antecedentes\/","og_locale":"es_ES","og_type":"article","og_title":"Tecnolog\u00eda Antecedentes - Hydraredox","og_description":"Vanadium redox batteries are formed of two independent sections: power and energy. The power section consists of electrochemical cells that convert chemical energy to electrical energy (and vice versa). The energy section consists of two tanks (positive and negative) in which the energy is stored in chemical form in a solution called the electrolytes.","og_url":"https:\/\/hydraredox.com\/es\/tecnologia-antecedentes\/","og_site_name":"Hydraredox","article_modified_time":"2022-06-24T01:31:37+00:00","twitter_card":"summary","twitter_misc":{"Tiempo de lectura":"6 minutos"},"schema":{"@context":"https:\/\/schema.org","@graph":[{"@type":"WebSite","@id":"https:\/\/hydraredox.com\/es\/#website","url":"https:\/\/hydraredox.com\/es\/","name":"Hydraredox","description":"Revolucionaria Tecnolog\u00eda de Vanadio Redox","potentialAction":[{"@type":"SearchAction","target":{"@type":"EntryPoint","urlTemplate":"https:\/\/hydraredox.com\/es\/?s={search_term_string}"},"query-input":"required name=search_term_string"}],"inLanguage":"es"},{"@type":"WebPage","@id":"https:\/\/hydraredox.com\/es\/tecnologia-antecedentes\/#webpage","url":"https:\/\/hydraredox.com\/es\/tecnologia-antecedentes\/","name":"Tecnolog\u00eda Antecedentes - Hydraredox","isPartOf":{"@id":"https:\/\/hydraredox.com\/es\/#website"},"datePublished":"2017-07-11T12:16:10+00:00","dateModified":"2022-06-24T01:31:37+00:00","description":"Vanadium redox batteries are formed of two independent sections: power and energy. The power section consists of electrochemical cells that convert chemical energy to electrical energy (and vice versa). The energy section consists of two tanks (positive and negative) in which the energy is stored in chemical form in a solution called the electrolytes.","breadcrumb":{"@id":"https:\/\/hydraredox.com\/es\/tecnologia-antecedentes\/#breadcrumb"},"inLanguage":"es","potentialAction":[{"@type":"ReadAction","target":["https:\/\/hydraredox.com\/es\/tecnologia-antecedentes\/"]}]},{"@type":"BreadcrumbList","@id":"https:\/\/hydraredox.com\/es\/tecnologia-antecedentes\/#breadcrumb","itemListElement":[{"@type":"ListItem","position":1,"name":"Portada","item":"https:\/\/hydraredox.com\/es\/"},{"@type":"ListItem","position":2,"name":"Tecnolog\u00eda Antecedentes"}]}]}},"jetpack_sharing_enabled":true,"jetpack_shortlink":"https:\/\/wp.me\/P991e0-bx","jetpack-related-posts":[{"id":1760,"url":"https:\/\/hydraredox.com\/es\/","url_meta":{"origin":715,"position":0},"title":"home2","date":"julio 13, 2020","format":false,"excerpt":"","rel":"","context":"Entrada similar","img":{"alt_text":"","src":"","width":0,"height":0},"classes":[]},{"id":52,"url":"https:\/\/hydraredox.com\/es\/home\/","url_meta":{"origin":715,"position":1},"title":"Home","date":"abril 8, 2015","format":false,"excerpt":"ENERGY STORAGE SOLUTIONS FOR THE RENEWABLE SECTOR. Clean, efficient and with generation cost lower than diesel, renewable energy offers a real answer to today\u2019s energy crisis. Intermittency however still poses a challenge with excess supply being wasted and undersupply facing penalties. HydraRedox develops electric energy storage solutions for renewable energy\u2026","rel":"","context":"Entrada similar","img":{"alt_text":"","src":"","width":0,"height":0},"classes":[]},{"id":76,"url":"https:\/\/hydraredox.com\/es\/aplicaciones\/","url_meta":{"origin":715,"position":2},"title":"Aplicaciones","date":"febrero 15, 2017","format":false,"excerpt":"HydraRedox\u2019s unique technical specifications, scalability and high degree of customization widely extends its range of applications and end-users. The flexibility of design means that HydraRedox storage can be used for multiple applications (simultaneously or at different times) generating multiple value streams.","rel":"","context":"Entrada similar","img":{"alt_text":"","src":"","width":0,"height":0},"classes":[]},{"id":74,"url":"https:\/\/hydraredox.com\/es\/project\/","url_meta":{"origin":715,"position":3},"title":"Project","date":"febrero 15, 2017","format":false,"excerpt":"","rel":"","context":"Entrada similar","img":{"alt_text":"","src":"","width":0,"height":0},"classes":[]},{"id":78,"url":"https:\/\/hydraredox.com\/es\/tecnologia\/","url_meta":{"origin":715,"position":4},"title":"Tecnolog\u00eda","date":"febrero 15, 2017","format":false,"excerpt":"The Hydraredox system is composed of two independent sections: power and energy. The power section is composed of individual electrochemical cells connected electrically in series which transform electrical energy into electrochemical energy (charge), and subsequently re-transforms it into electrical energy (discharge). The power required is achieved using a modular system\u2026","rel":"","context":"Entrada similar","img":{"alt_text":"","src":"","width":0,"height":0},"classes":[]},{"id":89,"url":"https:\/\/hydraredox.com\/es\/contacto\/","url_meta":{"origin":715,"position":5},"title":"Contacto","date":"febrero 15, 2017","format":false,"excerpt":"HYDRAREDOX EUROPE LTD, Offices A13-A14 Champion Business Park, Arrowe Brook Road, Wirral CH49 0AB, UNITED KINGDOM, info@hydraredox.com, Tel +1 203 423-3014 HYDRAREDOX IBERIA S.L., Gran V\u00eda 36, 1\u00ba izq., 50.005 ZARAGOZA, SPAIN, contacto@hydraredoxiberia.com, Tel +34 976 228896 HYDRAREDOX TECHNOLOGIES INC, Westport CT 06880, U.S.A, info@hydraredox.com, Tel +1 203 423-3014","rel":"","context":"Entrada similar","img":{"alt_text":"","src":"","width":0,"height":0},"classes":[]}],"_links":{"self":[{"href":"https:\/\/hydraredox.com\/es\/wp-json\/wp\/v2\/pages\/715"}],"collection":[{"href":"https:\/\/hydraredox.com\/es\/wp-json\/wp\/v2\/pages"}],"about":[{"href":"https:\/\/hydraredox.com\/es\/wp-json\/wp\/v2\/types\/page"}],"author":[{"embeddable":true,"href":"https:\/\/hydraredox.com\/es\/wp-json\/wp\/v2\/users\/1"}],"replies":[{"embeddable":true,"href":"https:\/\/hydraredox.com\/es\/wp-json\/wp\/v2\/comments?post=715"}],"version-history":[{"count":9,"href":"https:\/\/hydraredox.com\/es\/wp-json\/wp\/v2\/pages\/715\/revisions"}],"predecessor-version":[{"id":2124,"href":"https:\/\/hydraredox.com\/es\/wp-json\/wp\/v2\/pages\/715\/revisions\/2124"}],"wp:attachment":[{"href":"https:\/\/hydraredox.com\/es\/wp-json\/wp\/v2\/media?parent=715"}],"curies":[{"name":"wp","href":"https:\/\/api.w.org\/{rel}","templated":true}]}}