{"id":501,"date":"2017-02-22T11:52:37","date_gmt":"2017-02-22T11:52:37","guid":{"rendered":"http:\/\/hydra.vrenergy.eu\/?page_id=501"},"modified":"2017-09-14T18:00:55","modified_gmt":"2017-09-14T18:00:55","slug":"aviso-legal","status":"publish","type":"page","link":"https:\/\/hydraredox.com\/es\/aviso-legal\/","title":{"rendered":"Aviso Legal"},"content":{"rendered":"<p><b>Aviso Legal<\/b><\/p>\n<p><span style=\"font-weight: 400;\">La Web (es.hydraredox.com\/) que est\u00e1 usted consultando es propiedad de Hydraredox Iberia, S.L. (HydraRedox), domiciliada en Paseo Gran V\u00eda, 36 &#8211; 1\u00ba Izq. &#8211; 50.005 Zaragoza (Espa\u00f1a) e inscrita en el Registro Mercantil de Zaragoza.<\/span><\/p>\n<p><b>POL\u00cdTICA DE PRIVACIDAD DE HYDRAREDOX<\/b><\/p>\n<p><span style=\"font-weight: 400;\">HydraRedox pretende mediante esta declaraci\u00f3n informar a los visitantes de cu\u00e1l es nuestra pol\u00edtica de protecci\u00f3n de la privacidad y confidencialidad de los datos de car\u00e1cter personal que los usuarios facilitan de forma libre y voluntaria. <\/span><\/p>\n<p><span style=\"font-weight: 400;\">El objetivo de nuestra pol\u00edtica de privacidad es respetar al m\u00e1ximo la legislaci\u00f3n vigente de protecci\u00f3n de datos personales. En principio los datos facilitados por medio del email y formulario que HydraRedox pone a su disposici\u00f3n en la Web no son incorporados a ning\u00fan fichero. <\/span><\/p>\n<p><span style=\"font-weight: 400;\">Si bien, si usted es cliente de HydraRedox y tiene cualquier duda sobre la confidencialidad o el tratamiento que reciben sus datos, as\u00ed como si desea ejercer alguno de los derechos de informaci\u00f3n, oposici\u00f3n, rectificaci\u00f3n y cancelaci\u00f3n que legalmente le corresponden (o cualquier otro derecho que usted crea que le puede asistir) puede dirigirse a la direcci\u00f3n o al email indicados en esta Web. <\/span><\/p>\n<p><span style=\"font-weight: 400;\">HydraRedox no vende, alquila, ni pone a disposici\u00f3n de terceras personas los datos personales proporcionados por los clientes. Esta informaci\u00f3n no ser\u00e1 utilizada para acciones de marketing directo, a menos que HydraRedox le haya informado con antelaci\u00f3n de esta posibilidad y que haya dado permiso expreso en el momento de proporcionar dichos datos.<\/span><\/p>\n<p><b>PROPIEDAD INTELECTUAL DE LA WEB<\/b><\/p>\n<p><span style=\"font-weight: 400;\">Todos los derechos de propiedad intelectual del contenido de esta Web, y de los trabajos que en ella se exponen, su dise\u00f1o gr\u00e1fico y sus c\u00f3digos fuente, son titularidad exclusiva de HydraRedox, correspondi\u00e9ndonos el ejercicio exclusivo de los derechos de explotaci\u00f3n de los mismos. <\/span><\/p>\n<p><span style=\"font-weight: 400;\">Por tanto queda prohibida su reproducci\u00f3n, distribuci\u00f3n, comunicaci\u00f3n p\u00fablica y transformaci\u00f3n total o parcial, sin la autorizaci\u00f3n expresa de HydraRedox. <\/span><\/p>\n<p><span style=\"font-weight: 400;\">Igualmente, todos los nombres comerciales, marcas o signos distintos de cualquier clase contenidos en esta Web est\u00e1n protegidos por ley.<\/span><\/p>\n<p><span style=\"font-weight: 400;\">El visitante admite y acepta que los derechos de propiedad industrial e intelectual sobre los contenidos y\/o cualesquiera otros elementos incluidos en la Web son propiedad de HydraRedox y\/o de terceros. <\/span><\/p>\n<p><span style=\"font-weight: 400;\">A no ser que se determine expresamente lo contrario, en ning\u00fan caso la consulta de la Web implica ning\u00fan tipo de renuncia, transmisi\u00f3n, licencia o cesi\u00f3n total ni parcial de dichos derechos.<\/span><\/p>\n<p><b>CONTENIDO DE LA WEB Y ENLACES<\/b><\/p>\n<p><span style=\"font-weight: 400;\">HydraRedox no se responsabiliza del mal uso que se realice de los contenidos de esta Web, siendo exclusiva responsabilidad de la personal que accede a ellos o los utiliza.<\/span><\/p>\n<p><span style=\"font-weight: 400;\">Del mismo modo,  HydraRedox no controla ni ejerce ning\u00fan tipo de supervisi\u00f3n cuando incluye el link a otras webs, con la creencia de que estos contenidos acatan la legislaci\u00f3n aplicable; por tanto, no se responsabiliza ni se apropia del contenido de estas web y no supervisa ni aprueba los cambios que se realicen en \u00e9stas.<\/span><\/p>\n<p><span style=\"font-weight: 400;\">HydraRedox aconseja a los visitantes de las mismas a actuar con prudencia y consultar las eventuales condiciones legales que se expongan en dichas web.<\/span><\/p>\n<p><span style=\"font-weight: 400;\">Aquellas Web que no cumplan la legislaci\u00f3n aplicable o lesionen los derechos de terceros, ser\u00e1n suprimidas de esta Web, ya sea porque se considere oportuno o bien porque sea requerido por orden judicial o administrativa. HydraRedox renuncia a cualquier responsabilidad por los da\u00f1os que puedan causar a terceras personas mediante intromisiones no autorizadas, ajenas a su control.<\/span><\/p>\n<p><span style=\"font-weight: 400;\">Las personas o empresas que remitan cualquier tipo de informaci\u00f3n se comprometen a que la misma sea veraz y que no vulnere cualquier derecho de terceros ni la legalidad vigente.<\/span><\/p>\n<p><span style=\"font-weight: 400;\">Si Vd. cree que cualquier contenido o informaci\u00f3n de esta Web vulnera un derecho leg\u00edtimo o la legalidad vigente no dude en contactar con nosotros a trav\u00e9s del email que se facilita en la Web.<\/span><\/p>\n<p><b>ACTUALIZACI\u00d3N Y MODIFICACI\u00d3N DEL SITE<\/b><\/p>\n<p><span style=\"font-weight: 400;\">HydraRedox se reserva el derecho de actualizar, modificar o eliminar la informaci\u00f3n contenida en la Web, y la configuraci\u00f3n o presentaci\u00f3n del mismo, en cualquier momento, sin previo aviso, y sin asumir responsabilidad alguna por ello.<\/span><\/p>\n<p><b>COOKIES<\/b><\/p>\n<p><span style=\"font-weight: 400;\">Una Cookie es un fichero que se descarga en su ordenador al acceder a determinadas p\u00e1ginas web. Las cookies permiten a una web, entre otras cosas, almacenar y recuperar informaci\u00f3n sobre los h\u00e1bitos de navegaci\u00f3n de un usuario o de su equipo y, dependiendo de la informaci\u00f3n que contenga y de la forma en que utilice su equipo, pueden utilizarse para reconocer al usuario.<\/span><\/p>\n<p><span style=\"font-weight: 400;\">Las cookies son esenciales para el funcionamiento de Internet, aportando innumerables ventajas en la prestaci\u00f3n de servicios interactivos, facilit\u00e1ndole la navegaci\u00f3n y usabilidad de nuestra Web.<\/span><\/p>\n<p><span style=\"font-weight: 400;\">Asimismo, HydraRedox informa al usuario de que tiene la posibilidad de configurar su navegador de modo que se le informe de la recepci\u00f3n de cookies, pudiendo, si as\u00ed lo desea, impedir que sean instaladas en su disco duro.<\/span><\/p>\n<p><span style=\"font-weight: 400;\">En esta Web se utilizan las siguientes cookies:<\/span><\/p>\n<p><span style=\"font-weight: 400;\">Cookies Propias T\u00e9cnicas: son aquellas que se recaban por el propio editor para prestar el servicio solicitado por el usuario, y que a la vez son las necesarias para la correcta navegaci\u00f3n por la Web.<\/span><\/p>\n<p><span style=\"font-weight: 400;\">Cookies de An\u00e1lisis por Terceros: son aquellas que son recabadas y gestionadas por un tercero. \u00c9stas no se pueden considerar propias, y permiten al prestador el an\u00e1lisis vinculado a la navegaci\u00f3n realizada por el usuario, con la finalidad de llevar un seguimiento de uso de la p\u00e1gina Web as\u00ed como realizar estad\u00edsticas de los contenidos m\u00e1s visitados, n\u00famero de visitantes, etc.<\/span><\/p>\n<p><b>Control de uso de las cookies<\/b><\/p>\n<p><span style=\"font-weight: 400;\">A continuaci\u00f3n le proporcionamos los enlaces de diversos navegadores, a trav\u00e9s de los cuales podr\u00e1 realizar dicha configuraci\u00f3n:<\/span><\/p>\n<p><span style=\"font-weight: 400;\">Firefox: <\/span><\/p>\n<p><a href=\"http:\/\/support.mozilla.org\/es\/kb\/habilitar-y-deshabilitar-cookies-que-los-sitios-we\"><span style=\"font-weight: 400;\">http:\/\/support.mozilla.org\/es\/kb\/habilitar-y-deshabilitar-cookies-que-los-sitios-we<\/span><\/a><\/p>\n<p><span style=\"font-weight: 400;\">Chrome: <\/span><\/p>\n<p><a href=\"http:\/\/support.google.com\/chrome\/bin\/answer.py?hl=es&amp;answer=95647\"><span style=\"font-weight: 400;\">http:\/\/support.google.com\/chrome\/bin\/answer.py?hl=es&amp;answer=95647<\/span><\/a><\/p>\n<p><span style=\"font-weight: 400;\">Explorer: <\/span><\/p>\n<p><a href=\"http:\/\/windows.microsoft.com\/es-es\/internet-explorer\/delete-manage-cookies#ie=ie-10\"><span style=\"font-weight: 400;\">http:\/\/windows.microsoft.com\/es-es\/internet-explorer\/delete-manage-cookies#ie=ie-10<\/span><\/a><\/p>\n<p><span style=\"font-weight: 400;\">Safari: <\/span><\/p>\n<p><a href=\"http:\/\/support.apple.com\/kb\/ph5042\"><span style=\"font-weight: 400;\">http:\/\/support.apple.com\/kb\/ph5042<\/span><\/a><\/p>\n<p><span style=\"font-weight: 400;\">Opera: <\/span><\/p>\n<p><a href=\"http:\/\/help.opera.com\/Windows\/11.50\/es-ES\/cookies.html\"><span style=\"font-weight: 400;\">http:\/\/help.opera.com\/Windows\/11.50\/es-ES\/cookies.html<\/span><\/a><\/p>\n<p><b>GOOGLE ANALYTICS<\/b><\/p>\n<p><span style=\"font-weight: 400;\">Este sitio Web utiliza Google Analytics para analizar las visitas al sitio Web y as\u00ed mejorar sus contenidos. Para m\u00e1s informaci\u00f3n sobre la pol\u00edtica de privacidad de Google Analytics, visite el siguiente enlace:<\/span><\/p>\n<p><a href=\"https:\/\/www.google.com\/intl\/es_ES\/analytics\/learn\/privacy.html\"><span style=\"font-weight: 400;\">https:\/\/www.google.com\/intl\/es_ES\/analytics\/learn\/privacy.html<\/span><\/a><\/p>\n","protected":false},"excerpt":{"rendered":"<p>The website www.hydraredox.com you are visiting belongs to HydraRedox Europe Ltd, with offices at Offices A13-A14 Champion Business Park, Arrowe Brook Road, Wirral CH49 0AB, United Kingdom, registered with Companies House, England and Wales, United Kingdom.<\/p>\n","protected":false},"author":1,"featured_media":0,"parent":0,"menu_order":0,"comment_status":"closed","ping_status":"closed","template":"","meta":{"spay_email":""},"yoast_head":"<!-- This site is optimized with the Yoast SEO plugin v19.1 - https:\/\/yoast.com\/wordpress\/plugins\/seo\/ -->\n<title>Aviso Legal - Hydraredox<\/title>\n<meta name=\"robots\" content=\"index, follow, max-snippet:-1, max-image-preview:large, max-video-preview:-1\" \/>\n<link rel=\"canonical\" href=\"https:\/\/hydraredox.com\/es\/aviso-legal\/\" \/>\n<meta property=\"og:locale\" content=\"es_ES\" \/>\n<meta property=\"og:type\" content=\"article\" \/>\n<meta property=\"og:title\" content=\"Aviso Legal - Hydraredox\" \/>\n<meta property=\"og:description\" content=\"The website www.hydraredox.com you are visiting belongs to HydraRedox Europe Ltd, with offices at Offices A13-A14 Champion Business Park, Arrowe Brook Road, Wirral CH49 0AB, United Kingdom, registered with Companies House, England and Wales, United Kingdom.\" \/>\n<meta property=\"og:url\" content=\"https:\/\/hydraredox.com\/es\/aviso-legal\/\" \/>\n<meta property=\"og:site_name\" content=\"Hydraredox\" \/>\n<meta property=\"article:modified_time\" content=\"2017-09-14T18:00:55+00:00\" \/>\n<meta name=\"twitter:card\" content=\"summary\" \/>\n<meta name=\"twitter:label1\" content=\"Tiempo de lectura\" \/>\n\t<meta name=\"twitter:data1\" content=\"5 minutos\" \/>\n<script type=\"application\/ld+json\" class=\"yoast-schema-graph\">{\"@context\":\"https:\/\/schema.org\",\"@graph\":[{\"@type\":\"WebSite\",\"@id\":\"https:\/\/hydraredox.com\/es\/#website\",\"url\":\"https:\/\/hydraredox.com\/es\/\",\"name\":\"Hydraredox\",\"description\":\"Revolucionaria Tecnolog\u00eda de Vanadio Redox\",\"potentialAction\":[{\"@type\":\"SearchAction\",\"target\":{\"@type\":\"EntryPoint\",\"urlTemplate\":\"https:\/\/hydraredox.com\/es\/?s={search_term_string}\"},\"query-input\":\"required name=search_term_string\"}],\"inLanguage\":\"es\"},{\"@type\":\"WebPage\",\"@id\":\"https:\/\/hydraredox.com\/es\/aviso-legal\/#webpage\",\"url\":\"https:\/\/hydraredox.com\/es\/aviso-legal\/\",\"name\":\"Aviso Legal - Hydraredox\",\"isPartOf\":{\"@id\":\"https:\/\/hydraredox.com\/es\/#website\"},\"datePublished\":\"2017-02-22T11:52:37+00:00\",\"dateModified\":\"2017-09-14T18:00:55+00:00\",\"breadcrumb\":{\"@id\":\"https:\/\/hydraredox.com\/es\/aviso-legal\/#breadcrumb\"},\"inLanguage\":\"es\",\"potentialAction\":[{\"@type\":\"ReadAction\",\"target\":[\"https:\/\/hydraredox.com\/es\/aviso-legal\/\"]}]},{\"@type\":\"BreadcrumbList\",\"@id\":\"https:\/\/hydraredox.com\/es\/aviso-legal\/#breadcrumb\",\"itemListElement\":[{\"@type\":\"ListItem\",\"position\":1,\"name\":\"Portada\",\"item\":\"https:\/\/hydraredox.com\/es\/\"},{\"@type\":\"ListItem\",\"position\":2,\"name\":\"Aviso Legal\"}]}]}<\/script>\n<!-- \/ Yoast SEO plugin. -->","yoast_head_json":{"title":"Aviso Legal - Hydraredox","robots":{"index":"index","follow":"follow","max-snippet":"max-snippet:-1","max-image-preview":"max-image-preview:large","max-video-preview":"max-video-preview:-1"},"canonical":"https:\/\/hydraredox.com\/es\/aviso-legal\/","og_locale":"es_ES","og_type":"article","og_title":"Aviso Legal - Hydraredox","og_description":"The website www.hydraredox.com you are visiting belongs to HydraRedox Europe Ltd, with offices at Offices A13-A14 Champion Business Park, Arrowe Brook Road, Wirral CH49 0AB, United Kingdom, registered with Companies House, England and Wales, United Kingdom.","og_url":"https:\/\/hydraredox.com\/es\/aviso-legal\/","og_site_name":"Hydraredox","article_modified_time":"2017-09-14T18:00:55+00:00","twitter_card":"summary","twitter_misc":{"Tiempo de lectura":"5 minutos"},"schema":{"@context":"https:\/\/schema.org","@graph":[{"@type":"WebSite","@id":"https:\/\/hydraredox.com\/es\/#website","url":"https:\/\/hydraredox.com\/es\/","name":"Hydraredox","description":"Revolucionaria Tecnolog\u00eda de Vanadio Redox","potentialAction":[{"@type":"SearchAction","target":{"@type":"EntryPoint","urlTemplate":"https:\/\/hydraredox.com\/es\/?s={search_term_string}"},"query-input":"required name=search_term_string"}],"inLanguage":"es"},{"@type":"WebPage","@id":"https:\/\/hydraredox.com\/es\/aviso-legal\/#webpage","url":"https:\/\/hydraredox.com\/es\/aviso-legal\/","name":"Aviso Legal - Hydraredox","isPartOf":{"@id":"https:\/\/hydraredox.com\/es\/#website"},"datePublished":"2017-02-22T11:52:37+00:00","dateModified":"2017-09-14T18:00:55+00:00","breadcrumb":{"@id":"https:\/\/hydraredox.com\/es\/aviso-legal\/#breadcrumb"},"inLanguage":"es","potentialAction":[{"@type":"ReadAction","target":["https:\/\/hydraredox.com\/es\/aviso-legal\/"]}]},{"@type":"BreadcrumbList","@id":"https:\/\/hydraredox.com\/es\/aviso-legal\/#breadcrumb","itemListElement":[{"@type":"ListItem","position":1,"name":"Portada","item":"https:\/\/hydraredox.com\/es\/"},{"@type":"ListItem","position":2,"name":"Aviso Legal"}]}]}},"jetpack_sharing_enabled":true,"jetpack_shortlink":"https:\/\/wp.me\/P991e0-85","jetpack-related-posts":[{"id":404,"url":"https:\/\/hydraredox.com\/es\/noticias-vanadio\/","url_meta":{"origin":501,"position":0},"title":"Noticias","date":"febrero 21, 2017","format":false,"excerpt":"Press Releases, Media, News, Documents. Vanadium Redox Technology","rel":"","context":"Entrada similar","img":{"alt_text":"","src":"","width":0,"height":0},"classes":[]},{"id":89,"url":"https:\/\/hydraredox.com\/es\/contacto\/","url_meta":{"origin":501,"position":1},"title":"Contacto","date":"febrero 15, 2017","format":false,"excerpt":"HYDRAREDOX EUROPE LTD, Offices A13-A14 Champion Business Park, Arrowe Brook Road, Wirral CH49 0AB, UNITED KINGDOM, info@hydraredox.com, Tel +1 203 423-3014 HYDRAREDOX IBERIA S.L., Gran V\u00eda 36, 1\u00ba izq., 50.005 ZARAGOZA, SPAIN, contacto@hydraredoxiberia.com, Tel +34 976 228896 HYDRAREDOX TECHNOLOGIES INC, Westport CT 06880, U.S.A, info@hydraredox.com, Tel +1 203 423-3014","rel":"","context":"Entrada similar","img":{"alt_text":"","src":"","width":0,"height":0},"classes":[]},{"id":78,"url":"https:\/\/hydraredox.com\/es\/tecnologia\/","url_meta":{"origin":501,"position":2},"title":"Tecnolog\u00eda","date":"febrero 15, 2017","format":false,"excerpt":"The Hydraredox system is composed of two independent sections: power and energy. The power section is composed of individual electrochemical cells connected electrically in series which transform electrical energy into electrochemical energy (charge), and subsequently re-transforms it into electrical energy (discharge). The power required is achieved using a modular system\u2026","rel":"","context":"Entrada similar","img":{"alt_text":"","src":"","width":0,"height":0},"classes":[]},{"id":1760,"url":"https:\/\/hydraredox.com\/es\/","url_meta":{"origin":501,"position":3},"title":"home2","date":"julio 13, 2020","format":false,"excerpt":"","rel":"","context":"Entrada similar","img":{"alt_text":"","src":"","width":0,"height":0},"classes":[]},{"id":52,"url":"https:\/\/hydraredox.com\/es\/home\/","url_meta":{"origin":501,"position":4},"title":"Home","date":"abril 8, 2015","format":false,"excerpt":"ENERGY STORAGE SOLUTIONS FOR THE RENEWABLE SECTOR. Clean, efficient and with generation cost lower than diesel, renewable energy offers a real answer to today\u2019s energy crisis. Intermittency however still poses a challenge with excess supply being wasted and undersupply facing penalties. HydraRedox develops electric energy storage solutions for renewable energy\u2026","rel":"","context":"Entrada similar","img":{"alt_text":"","src":"","width":0,"height":0},"classes":[]},{"id":76,"url":"https:\/\/hydraredox.com\/es\/aplicaciones\/","url_meta":{"origin":501,"position":5},"title":"Aplicaciones","date":"febrero 15, 2017","format":false,"excerpt":"HydraRedox\u2019s unique technical specifications, scalability and high degree of customization widely extends its range of applications and end-users. The flexibility of design means that HydraRedox storage can be used for multiple applications (simultaneously or at different times) generating multiple value streams.","rel":"","context":"Entrada similar","img":{"alt_text":"","src":"","width":0,"height":0},"classes":[]}],"_links":{"self":[{"href":"https:\/\/hydraredox.com\/es\/wp-json\/wp\/v2\/pages\/501"}],"collection":[{"href":"https:\/\/hydraredox.com\/es\/wp-json\/wp\/v2\/pages"}],"about":[{"href":"https:\/\/hydraredox.com\/es\/wp-json\/wp\/v2\/types\/page"}],"author":[{"embeddable":true,"href":"https:\/\/hydraredox.com\/es\/wp-json\/wp\/v2\/users\/1"}],"replies":[{"embeddable":true,"href":"https:\/\/hydraredox.com\/es\/wp-json\/wp\/v2\/comments?post=501"}],"version-history":[{"count":4,"href":"https:\/\/hydraredox.com\/es\/wp-json\/wp\/v2\/pages\/501\/revisions"}],"predecessor-version":[{"id":1284,"href":"https:\/\/hydraredox.com\/es\/wp-json\/wp\/v2\/pages\/501\/revisions\/1284"}],"wp:attachment":[{"href":"https:\/\/hydraredox.com\/es\/wp-json\/wp\/v2\/media?parent=501"}],"curies":[{"name":"wp","href":"https:\/\/api.w.org\/{rel}","templated":true}]}}