{"id":404,"date":"2017-02-21T17:16:29","date_gmt":"2017-02-21T17:16:29","guid":{"rendered":"http:\/\/hydra.vrenergy.eu\/?page_id=404"},"modified":"2020-01-28T18:01:49","modified_gmt":"2020-01-28T18:01:49","slug":"noticias-vanadio","status":"publish","type":"page","link":"https:\/\/hydraredox.com\/es\/noticias-vanadio\/","title":{"rendered":"Noticias"},"content":{"rendered":"<div id=\"cs-content\" class=\"cs-content\" ><div id=\"x-section-1\" class=\"x-section\" style=\"margin: 0px;padding: 45px 0px; background-color: transparent;\"  ><div class=\"x-container max width\" style=\"margin: 0px auto;padding: 0px;\"  ><div  class=\"x-column x-sm x-1-1\" style=\"padding: 0px;\" ><h2 id=\"basstre\" class=\"h-custom-headline man h5\" style=\"color: hsl(30, 98%, 50%);\"><span>NOTICIAS<\/span><\/h2><ul  class=\"x-nav x-nav-tabs three-up left\"  data-x-element=\"tab_nav\" data-x-params=\"{&quot;orientation&quot;:&quot;vertical&quot;}\"  role=\"tablist\"><li  class=\"x-nav-tabs-item active\"  role=\"presentation\"><a id=\"x-legacy-tab-1\" aria-selected=\"true\" aria-controls=\"x-legacy-panel-1\" role=\"tab\" data-x-toggle=\"tab\" data-x-toggleable=\"1\" data-x-toggle-group=\"69e1e3193dc00\">Notas de Prensa<\/a><\/li><li  class=\"x-nav-tabs-item\"  role=\"presentation\"><a id=\"x-legacy-tab-2\" aria-selected=\"false\" aria-controls=\"x-legacy-panel-2\" role=\"tab\" data-x-toggle=\"tab\" data-x-toggleable=\"2\" data-x-toggle-group=\"69e1e3193dc00\">Art\u00edculos en medios<\/a><\/li><li  class=\"x-nav-tabs-item\"  role=\"presentation\"><a id=\"x-legacy-tab-3\" aria-selected=\"false\" aria-controls=\"x-legacy-panel-3\" role=\"tab\" data-x-toggle=\"tab\" data-x-toggleable=\"3\" data-x-toggle-group=\"69e1e3193dc00\">Documentos<\/a><\/li><\/ul><div  class=\"x-tab-content\" ><div id=\"x-legacy-panel-1\" class=\"x-tab-pane active\"  aria-hidden=\"false\" aria-labelledby=\"x-legacy-tab-1\" role=\"tabpanel\" data-x-toggleable=\"1\">\n<ul>\n<li><span style=\"color: #f55f00\"> Hydraredox Iberia partecipa a jornada sobre almacenamiento con energ\u00edas renovables<\/span><br \/>\n8 Mayo 2019, Madrid<br \/>\n<a class=\"x-btn x-btn-large\" href=\"https:\/\/wp.me\/p991e0-rz\" rel=\"noopener\">CIEMAT May2019<\/a><\/li>\n<\/ul>\n<ul>\n<li><span style=\"color: #f55f00\"> Hydraredox Iberia est\u00e1 entre los 15 finalistas de la convocatoria global de almacenamiento el\u00e9ctrico de EIT Innoenergy <\/span><br \/>\n22 Mar 2019, Amsterdam<br \/>\n<a class=\"x-btn x-btn-large\" href=\"https:\/\/wp.me\/p991e0-rK\">EIT Mar2019<\/a><\/li>\n<\/ul>\n<ul>\n<li><span style=\"color: #f55f00\"> Hydraredox Iberia partecipa a jornada sobre los avances en el marco de la Alianza Europea de Bater\u00edas<\/span><br \/>\n14 Jan 2019, Madrid<br \/>\n<a class=\"x-btn x-btn-large\" href=\"https:\/\/wp.me\/p991e0-rR\" rel=\"noopener\">EBA Jan2019<\/a><\/li>\n<\/ul>\n<ul>\n<\/ul>\n<ul>\n<li><span style=\"color: #ff6600\">HydraRedox Iberia participa en el foro de inversi\u00f3n NEOTEC-INNVIERTE 2017<\/span> <span style=\"color: #ff6600\"><\/span><br \/>\n23 Noviembre 2017, Madrid<br \/>\n<a class=\"x-btn x-btn-large\" href=\"https:\/\/wp.me\/p991e0-nk\" target=\"\" rel=\"noopener\">Neotec Oct 2017<\/a><\/li>\n<\/ul>\n<ul>\n<li><span style=\"color: #ff6600\">HydraRedox Iberia S.L. participa en la 5\u00aa jornada t\u00e9cnica AETP con una ponencia sobre \u201cLos Grandes Retos del Almacenamiento\u201d<\/span> <span style=\"color: #ff6600\"><\/span><br \/>\n19 Octubre 2017, Madrid<br \/>\n<a class=\"x-btn x-btn-large\" href=\"https:\/\/wp.me\/p991e0-mJ\" target=\"\" rel=\"noopener\">AETP Oct 2017<\/a><\/li>\n<\/ul>\n<ul>\n<li><span style=\"color: #ff6600\">HydraRedox, entre los tres proyectos ganadores del reto<\/span> <span style=\"color: #ff6600\">Ventures4GranCanaria<\/span><br \/>\n3 Octubre 2017, Gran Canaria<br \/>\n<a class=\"x-btn x-btn-large\" href=\"http:\/\/wp.me\/p991e0-lk\" target=\"\" rel=\"noopener\">V4GC Oct 2017<\/a><\/li>\n<\/ul>\n<ul>\n<li><span style=\"color: #f55f00\">HydraRedox Iberia awarded EU Horizon 2020 grant under SME instrument programme <\/span><br \/>\n1 Diciembre 2016, Zaragoza<br \/>\n<a class=\"x-btn x-btn-large\" href=\"http:\/\/hydraredox.com\/pressreleases\/hydraredox-iberia-awarded-grant-under-horizon-2020\/\" target=\"\" rel=\"noopener\">EU Dic 2016<\/a><\/li>\n<\/ul>\n<ul>\n<li><span style=\"color: #f55f00\">HydraRedox Iberia S.L. participa en la jornada t\u00e9cnica AETP 2016 &#8211; (Energ\u00e9tica XXI)<\/span><br \/>\n20 octubre 2016, Madrid<br \/>\n<a class=\"x-btn x-btn-large\" href=\"https:\/\/wp.me\/p991e0-rK\" target=\"_blank\" rel=\"noopener\">AETP Oct 2016<\/a><\/li>\n<\/ul>\n<ul>\n<li><span style=\"color: #f55f00\">HydraRedox Iberia S.L. participa en las jornadas t\u00e9cnicas UNEF (Uni\u00f3n Espa\u00f1ola Fotovoltaica)\u00a0en GENERA\u00a0<\/span><br \/>\n15 junio 2016, Madrid<br \/>\n<a class=\"x-btn x-btn-large\" href=\"http:\/\/wp.me\/p991e0-lS\" target=\"_blank\" rel=\"noopener\">UNEF Jun 2016<\/a><\/li>\n<\/ul>\n<ul>\n<li><span style=\"color: #f55f00\">HydraRedox Iberia S.L. participa en el II Foro Solar Espa\u00f1ol organizado por UNEF (Uni\u00f3n Espa\u00f1ola Fotovoltaica)<\/span><br \/>\n3\/4 Noviembre 2015, Madrid<br \/>\n<a class=\"x-btn x-btn-large\" href=\"http:\/\/hr.vrenergy.eu\/files\/2017\/07\/93ee6086a7a128df92bf540d3ae29a9b.pdf\" target=\"_blank\" rel=\"noopener\">UNEF Nov 2015<\/a><\/li>\n<\/ul>\n<\/div><div id=\"x-legacy-panel-2\" class=\"x-tab-pane\"  aria-hidden=\"true\" aria-labelledby=\"x-legacy-tab-2\" role=\"tabpanel\" data-x-toggleable=\"2\"> <\/p>\n<ul>\n<li> <a href=\"https:\/\/www.elconfidencial.com\/sociedad\/2019-11-21\/vanadio-baterias-renovables-durabilidad-bra_2345476\/\">El compuesto que alargar\u00e1 la vida de las bater\u00edas (y de las renovables)<\/a><br \/>\nEl Confidencial &#8211; Nov 2019\n<\/ul>\n<ul>\n<li> <a href=\"https:\/\/www.fundacionbankinter.org\/blog\/noticia\/emprendedores\/las-startups-espanolas-que-luchan-contra-el-cambio-climatico\">Las startups espa\u00f1olas que luchan contra el cambio clim\u00e1tico<\/a><br \/>\nFundacionbankinter &#8211; Sep 2019\n<\/ul>\n<ul>\n<li><a href=\"https:\/\/www.energynews.es\/hydraredox-almacenamiento\/\">Tecnolog\u00eda HydraRedox para el almacenamiento energ\u00e9tico<\/a><br \/>\nEnergy News &#8211; Feb 2019\n<\/ul>\n<ul>\n<li><a href=\"http:\/\/unaenergia.es\/tecnologia-hydraredox-para-el-almacenamiento-energetico\/\">Tecnolog\u00eda HydraRedox para el almacenamiento energ\u00e9tico<\/a><br \/>\nUnaenergia &#8211; Feb 2019\n<\/ul>\n<ul>\n<li><a href=\"https:\/\/ec.europa.eu\/spain\/news\/investeu_zaragoza_es\">Zaragoza boosts renewable energy with the help of the EU<\/a><br \/>\nEuropean Commission &#8211; Jan 2019\n<\/ul>\n<ul>\n<li><span style=\"color: #f55f00\">Soluciones para almacenar la energ\u00eda renovable <\/span><br \/>\nHeraldo de Arag\u00f3n &#8211; Oct 2018<br \/>\n<a class=\"x-btn x-btn-large\" href=\"http:\/\/hydraredox.com\/wp-content\/uploads\/2018\/10\/Heraldo-de-Aragon-21102018_DIA-MUNDIAL-DEL-AHORRO-DE-ENERGIA.pdf\" target=\"_blank\" rel=\"noopener\">Heraldo de Arag\u00f3n &#8211; Oct 2018<\/a><\/li>\n<\/ul>\n<ul>\n<li><span style=\"color: #f55f00\">El potencial del almacenamiento el\u00e9ctrico en el sector off-grid <\/span><br \/>\nEnerg\u00e9tica XXI &#8211; Sep 2018<br \/>\n<a class=\"x-btn x-btn-large\" href=\"http:\/\/hydraredox.com\/wp-content\/uploads\/2018\/10\/2018-Septiembre-Energetica_XXI.pdf\" target=\"_blank\" rel=\"noopener\">Energ\u00e9tica XXI &#8211; Sep 2018<\/a><\/li>\n<\/ul>\n<ul>\n<li><span style=\"color: #f55f00\">La conexion intrinseca entre los sectores con alto consumo energetico y el almacenamiento de energia<\/span><br \/>\nFuturEnergy &#8211; Aug-Sep 2018<br \/>\n<a class=\"x-btn x-btn-large\" href=\"http:\/\/hydraredox.com\/wp-content\/uploads\/2018\/10\/FuturEnergy-Aug-Sep-2018.pdf\" target=\"_blank\" rel=\"noopener\">FuturEnergy &#8211; Aug-Sep 2018<\/a><\/li>\n<\/ul>\n<\/ul>\n<ul>\n<li><span style=\"color:  #f55f00\">Una nueva bater\u00eda espa\u00f1ola podr\u00eda conseguir el despliegue masivo de las energ\u00edas renovables<\/span><br \/>\nEnergia de Hoy &#8211; Oct 2017<br \/>\n<a class=\"x-btn x-btn-large\" href=\"http:\/\/hydraredox.com\/wp-content\/uploads\/2018\/01\/HRI_Energia-de-hoy_Oct17.pdf\" target=\"_blank\" rel=\"noopener\">Energia de Hoy &#8211; Oct 2017<\/a><\/li>\n<\/ul>\n<ul>\n<li><span style=\"color: #f55f00\">Nuevas pol\u00edticas y reducci\u00f3n de costes, dos elementos clave para el despliegue masivo del almacenamiento el\u00e9ctrico<\/span><br \/>\nMIT Technology Review &#8211; Sep 2017<br \/>\n<a class=\"x-btn x-btn-large\" href=\"http:\/\/hydraredox.com\/wp-content\/uploads\/2018\/01\/HRI_MIT-Technology-Review_Sept17.pdf\" target=\"_blank\" rel=\"noopener\">MIT Technology Review &#8211; Sep 2017<\/a><\/li>\n<\/ul>\n<ul>\n<li><span style=\"color: #f55f00\">La ventaja competitiva de HydraRedox ante los grandes retos del almacenamiento el\u00e9ctrico<\/span><br \/>\nEnerg\u00e9tica XXI International No169. Sep 2017<br \/>\n<a class=\"x-btn x-btn-large\" href=\"http:\/\/hydraredox.com\/wp-content\/uploads\/2018\/01\/Energetica-Sep-2017-published.pdf\" target=\"_blank\" rel=\"noopener\">Energetica XXI &#8211; Sep 2017<\/a><\/li>\n<\/ul>\n<ul>\n<li><span style=\"color: #f55f00\">The true value of energy storage<\/span><br \/>\nEnerg\u00e9tica XXI International No 158. Jun\/Jul 2016<br \/>\n<a class=\"x-btn x-btn-large\" href=\"http:\/\/hr.vrenergy.eu\/files\/2017\/07\/930e8965664e77618a7e7e1951616c6b.pdf\" target=\"_blank\" rel=\"noopener\">Energ\u00e9tica XXI International Jun\/Jul 2016<\/a><\/li>\n<\/ul>\n<ul>\n<li><span style=\"color: #f55f00\">Innovadora tecnolog\u00eda de almacenamiento el\u00e9ctrico a media y gran escala<br \/>\nAn innovative medium and large-scale electricty storage technology<\/span><br \/>\nFutureEnergy. Abril 2016<br \/>\n<a class=\"x-btn x-btn-large\" href=\"http:\/\/hr.vrenergy.eu\/files\/2017\/07\/46b96fe170971e50187f0f5570ff9d4e.pdf\" target=\"_blank\" rel=\"noopener\">FutureEnergy &#8211; Abr 2016<\/a><\/li>\n<\/ul>\n<ul>\n<li><span style=\"color: #f55f00\">HydraRedox, una tecnolog\u00eda que incrementa la eficiencia, fiabilidad, flexibilidad y vida de almacenaje con una menor inversi\u00f3n <\/span><br \/>\nEnerg\u00eda de Hoy. Febrero 2016<br \/>\n<a class=\"x-btn x-btn-large\" href=\"http:\/\/hr.vrenergy.eu\/files\/2017\/07\/2c0ff607f9e9808460676c0fea10cb17.pdf\" target=\"_blank\" rel=\"noopener\">Energ\u00eda de Hoy &#8211; Feb 2016<\/a><\/li>\n<\/ul>\n<ul>\n<li><span style=\"color: #f55f00\">Tecnolog\u00eda HydraRedox &#8211; Nuevo paradigma de almacenamiento el\u00e9ctrico a media y gran escala<\/span><br \/>\nEra Solar No 190. Enero\/Febrero 2016<br \/>\n<a class=\"x-btn x-btn-large\" href=\"http:\/\/nebula.wsimg.com\/906ed20cd143636588cc95b1bb2a3d79?AccessKeyId=D03FF1CF9D97B558E0D3&amp;disposition=0&amp;alloworigin=1\" target=\"_blank\" rel=\"noopener\">Era Solar &#8211; Feb 2016<\/a><\/li>\n<\/ul>\n<ul>\n<li><span style=\"color: #f55f00\">HydraRedox, tecnolog\u00eda innovadora de almacenamiento el\u00e9ctrico <\/span><br \/>\nEnerg\u00edas Renovables No 146. Noviembre 2015<br \/>\n<a class=\"x-btn x-btn-large\" href=\"http:\/\/hr.vrenergy.eu\/files\/2017\/07\/b36bae5219edce28a10d0e2c9d8f1ba2.pdf\" target=\"_blank\" rel=\"noopener\">Energ\u00edas Renovables &#8211; Nov 2015<\/a><\/li>\n<\/ul>\n<ul>\n<li><span style=\"color: #f55f00\">Primera planta de almacenamiento de energ\u00eda con la innovadora tecnolog\u00eda HydraRedox<\/span><br \/>\nEnerg\u00e9tica XXI. No 152. September 2015<br \/>\n<a class=\"x-btn x-btn-large\" href=\"http:\/\/hr.vrenergy.eu\/files\/2017\/07\/b99767192f8a550c6506ea479abae4a5.pdf\" target=\"_blank\" rel=\"noopener\">Energ\u00e9tica XXI &#8211; Sep 2015<\/a><\/li>\n<\/ul>\n<ul>\n<li><span style=\"color: #f55f00\">El inter\u00e9s por los sistemas de almacenamiento, en pleno auge<\/span><br \/>\nEnerg\u00edas Renovables No 152. Junio 2015<br \/>\n<a class=\"x-btn x-btn-large\" href=\"http:\/\/hr.vrenergy.eu\/files\/2017\/07\/b36bae5219edce28a10d0e2c9d8f1ba2-1.pdf\" target=\"_blank\" rel=\"noopener\">Energ\u00edas Renovables &#8211; Jun 2016<\/a><\/li>\n<\/ul>\n<\/div><div id=\"x-legacy-panel-3\" class=\"x-tab-pane\"  aria-hidden=\"true\" aria-labelledby=\"x-legacy-tab-3\" role=\"tabpanel\" data-x-toggleable=\"3\">\n<ul>\n<li><span style=\"color: #f55f00\">Hoja de Especificaciones \u2013 HydraRedox<\/span><br \/>\nNuestra Tecnolog\u00eda<br \/>\n<a class=\"x-btn x-btn-large\" href=\"http:\/\/hydraredox.com\/wp-content\/uploads\/2017\/07\/englishHydraRedox.pdf\" target=\"_blank\" rel=\"noopener\">HydraRedox Especif.<\/a><\/li>\n<\/ul>\n<\/div><\/div><\/div><\/div><\/div><\/div>\n","protected":false},"excerpt":{"rendered":"<p>Press Releases, Media, News, Documents. Vanadium Redox Technology<\/p>\n","protected":false},"author":1,"featured_media":0,"parent":0,"menu_order":0,"comment_status":"closed","ping_status":"closed","template":"template-blank-4.php","meta":{"spay_email":""},"yoast_head":"<!-- This site is optimized with the Yoast SEO plugin v19.1 - https:\/\/yoast.com\/wordpress\/plugins\/seo\/ -->\n<title>Noticias - Hydraredox<\/title>\n<meta name=\"robots\" content=\"index, follow, max-snippet:-1, max-image-preview:large, max-video-preview:-1\" \/>\n<link rel=\"canonical\" href=\"https:\/\/hydraredox.com\/es\/noticias-vanadio\/\" \/>\n<meta property=\"og:locale\" content=\"es_ES\" \/>\n<meta property=\"og:type\" content=\"article\" \/>\n<meta property=\"og:title\" content=\"Noticias - Hydraredox\" \/>\n<meta property=\"og:description\" content=\"Press Releases, Media, News, Documents. Vanadium Redox Technology\" \/>\n<meta property=\"og:url\" content=\"https:\/\/hydraredox.com\/es\/noticias-vanadio\/\" \/>\n<meta property=\"og:site_name\" content=\"Hydraredox\" \/>\n<meta property=\"article:modified_time\" content=\"2020-01-28T18:01:49+00:00\" \/>\n<meta name=\"twitter:card\" content=\"summary\" \/>\n<meta name=\"twitter:label1\" content=\"Tiempo de lectura\" \/>\n\t<meta name=\"twitter:data1\" content=\"4 minutos\" \/>\n<script type=\"application\/ld+json\" class=\"yoast-schema-graph\">{\"@context\":\"https:\/\/schema.org\",\"@graph\":[{\"@type\":\"WebSite\",\"@id\":\"https:\/\/hydraredox.com\/es\/#website\",\"url\":\"https:\/\/hydraredox.com\/es\/\",\"name\":\"Hydraredox\",\"description\":\"Revolucionaria Tecnolog\u00eda de Vanadio Redox\",\"potentialAction\":[{\"@type\":\"SearchAction\",\"target\":{\"@type\":\"EntryPoint\",\"urlTemplate\":\"https:\/\/hydraredox.com\/es\/?s={search_term_string}\"},\"query-input\":\"required name=search_term_string\"}],\"inLanguage\":\"es\"},{\"@type\":\"WebPage\",\"@id\":\"https:\/\/hydraredox.com\/es\/noticias-vanadio\/#webpage\",\"url\":\"https:\/\/hydraredox.com\/es\/noticias-vanadio\/\",\"name\":\"Noticias - Hydraredox\",\"isPartOf\":{\"@id\":\"https:\/\/hydraredox.com\/es\/#website\"},\"datePublished\":\"2017-02-21T17:16:29+00:00\",\"dateModified\":\"2020-01-28T18:01:49+00:00\",\"breadcrumb\":{\"@id\":\"https:\/\/hydraredox.com\/es\/noticias-vanadio\/#breadcrumb\"},\"inLanguage\":\"es\",\"potentialAction\":[{\"@type\":\"ReadAction\",\"target\":[\"https:\/\/hydraredox.com\/es\/noticias-vanadio\/\"]}]},{\"@type\":\"BreadcrumbList\",\"@id\":\"https:\/\/hydraredox.com\/es\/noticias-vanadio\/#breadcrumb\",\"itemListElement\":[{\"@type\":\"ListItem\",\"position\":1,\"name\":\"Portada\",\"item\":\"https:\/\/hydraredox.com\/es\/\"},{\"@type\":\"ListItem\",\"position\":2,\"name\":\"Noticias\"}]}]}<\/script>\n<!-- \/ Yoast SEO plugin. -->","yoast_head_json":{"title":"Noticias - Hydraredox","robots":{"index":"index","follow":"follow","max-snippet":"max-snippet:-1","max-image-preview":"max-image-preview:large","max-video-preview":"max-video-preview:-1"},"canonical":"https:\/\/hydraredox.com\/es\/noticias-vanadio\/","og_locale":"es_ES","og_type":"article","og_title":"Noticias - Hydraredox","og_description":"Press Releases, Media, News, Documents. Vanadium Redox Technology","og_url":"https:\/\/hydraredox.com\/es\/noticias-vanadio\/","og_site_name":"Hydraredox","article_modified_time":"2020-01-28T18:01:49+00:00","twitter_card":"summary","twitter_misc":{"Tiempo de lectura":"4 minutos"},"schema":{"@context":"https:\/\/schema.org","@graph":[{"@type":"WebSite","@id":"https:\/\/hydraredox.com\/es\/#website","url":"https:\/\/hydraredox.com\/es\/","name":"Hydraredox","description":"Revolucionaria Tecnolog\u00eda de Vanadio Redox","potentialAction":[{"@type":"SearchAction","target":{"@type":"EntryPoint","urlTemplate":"https:\/\/hydraredox.com\/es\/?s={search_term_string}"},"query-input":"required name=search_term_string"}],"inLanguage":"es"},{"@type":"WebPage","@id":"https:\/\/hydraredox.com\/es\/noticias-vanadio\/#webpage","url":"https:\/\/hydraredox.com\/es\/noticias-vanadio\/","name":"Noticias - Hydraredox","isPartOf":{"@id":"https:\/\/hydraredox.com\/es\/#website"},"datePublished":"2017-02-21T17:16:29+00:00","dateModified":"2020-01-28T18:01:49+00:00","breadcrumb":{"@id":"https:\/\/hydraredox.com\/es\/noticias-vanadio\/#breadcrumb"},"inLanguage":"es","potentialAction":[{"@type":"ReadAction","target":["https:\/\/hydraredox.com\/es\/noticias-vanadio\/"]}]},{"@type":"BreadcrumbList","@id":"https:\/\/hydraredox.com\/es\/noticias-vanadio\/#breadcrumb","itemListElement":[{"@type":"ListItem","position":1,"name":"Portada","item":"https:\/\/hydraredox.com\/es\/"},{"@type":"ListItem","position":2,"name":"Noticias"}]}]}},"jetpack_sharing_enabled":true,"jetpack_shortlink":"https:\/\/wp.me\/P991e0-6w","jetpack-related-posts":[{"id":1760,"url":"https:\/\/hydraredox.com\/es\/","url_meta":{"origin":404,"position":0},"title":"home2","date":"julio 13, 2020","format":false,"excerpt":"","rel":"","context":"Entrada similar","img":{"alt_text":"","src":"","width":0,"height":0},"classes":[]},{"id":52,"url":"https:\/\/hydraredox.com\/es\/home\/","url_meta":{"origin":404,"position":1},"title":"Home","date":"abril 8, 2015","format":false,"excerpt":"ENERGY STORAGE SOLUTIONS FOR THE RENEWABLE SECTOR. Clean, efficient and with generation cost lower than diesel, renewable energy offers a real answer to today\u2019s energy crisis. Intermittency however still poses a challenge with excess supply being wasted and undersupply facing penalties. HydraRedox develops electric energy storage solutions for renewable energy\u2026","rel":"","context":"Entrada similar","img":{"alt_text":"","src":"","width":0,"height":0},"classes":[]},{"id":74,"url":"https:\/\/hydraredox.com\/es\/project\/","url_meta":{"origin":404,"position":2},"title":"Project","date":"febrero 15, 2017","format":false,"excerpt":"","rel":"","context":"Entrada similar","img":{"alt_text":"","src":"","width":0,"height":0},"classes":[]},{"id":76,"url":"https:\/\/hydraredox.com\/es\/aplicaciones\/","url_meta":{"origin":404,"position":3},"title":"Aplicaciones","date":"febrero 15, 2017","format":false,"excerpt":"HydraRedox\u2019s unique technical specifications, scalability and high degree of customization widely extends its range of applications and end-users. The flexibility of design means that HydraRedox storage can be used for multiple applications (simultaneously or at different times) generating multiple value streams.","rel":"","context":"Entrada similar","img":{"alt_text":"","src":"","width":0,"height":0},"classes":[]},{"id":89,"url":"https:\/\/hydraredox.com\/es\/contacto\/","url_meta":{"origin":404,"position":4},"title":"Contacto","date":"febrero 15, 2017","format":false,"excerpt":"HYDRAREDOX EUROPE LTD, Offices A13-A14 Champion Business Park, Arrowe Brook Road, Wirral CH49 0AB, UNITED KINGDOM, info@hydraredox.com, Tel +1 203 423-3014 HYDRAREDOX IBERIA S.L., Gran V\u00eda 36, 1\u00ba izq., 50.005 ZARAGOZA, SPAIN, contacto@hydraredoxiberia.com, Tel +34 976 228896 HYDRAREDOX TECHNOLOGIES INC, Westport CT 06880, U.S.A, info@hydraredox.com, Tel +1 203 423-3014","rel":"","context":"Entrada similar","img":{"alt_text":"","src":"","width":0,"height":0},"classes":[]},{"id":78,"url":"https:\/\/hydraredox.com\/es\/tecnologia\/","url_meta":{"origin":404,"position":5},"title":"Tecnolog\u00eda","date":"febrero 15, 2017","format":false,"excerpt":"The Hydraredox system is composed of two independent sections: power and energy. The power section is composed of individual electrochemical cells connected electrically in series which transform electrical energy into electrochemical energy (charge), and subsequently re-transforms it into electrical energy (discharge). The power required is achieved using a modular system\u2026","rel":"","context":"Entrada similar","img":{"alt_text":"","src":"","width":0,"height":0},"classes":[]}],"_links":{"self":[{"href":"https:\/\/hydraredox.com\/es\/wp-json\/wp\/v2\/pages\/404"}],"collection":[{"href":"https:\/\/hydraredox.com\/es\/wp-json\/wp\/v2\/pages"}],"about":[{"href":"https:\/\/hydraredox.com\/es\/wp-json\/wp\/v2\/types\/page"}],"author":[{"embeddable":true,"href":"https:\/\/hydraredox.com\/es\/wp-json\/wp\/v2\/users\/1"}],"replies":[{"embeddable":true,"href":"https:\/\/hydraredox.com\/es\/wp-json\/wp\/v2\/comments?post=404"}],"version-history":[{"count":50,"href":"https:\/\/hydraredox.com\/es\/wp-json\/wp\/v2\/pages\/404\/revisions"}],"predecessor-version":[{"id":1735,"href":"https:\/\/hydraredox.com\/es\/wp-json\/wp\/v2\/pages\/404\/revisions\/1735"}],"wp:attachment":[{"href":"https:\/\/hydraredox.com\/es\/wp-json\/wp\/v2\/media?parent=404"}],"curies":[{"name":"wp","href":"https:\/\/api.w.org\/{rel}","templated":true}]}}