{"id":1642,"date":"2019-08-09T16:31:57","date_gmt":"2019-08-09T16:31:57","guid":{"rendered":"https:\/\/es.hydraredox.com\/?page_id=1642"},"modified":"2022-06-24T01:06:21","modified_gmt":"2022-06-24T01:06:21","slug":"electrolitovanadio","status":"publish","type":"page","link":"https:\/\/hydraredox.com\/es\/electrolitovanadio\/","title":{"rendered":"Electrolito"},"content":{"rendered":"<div id=\"cs-content\" class=\"cs-content\" ><div id=\"x-section-1\" class=\"x-section cs-ta-center bg-image parallax\" style=\"margin: 0px;padding: 140px 0px 10px; background-image: url(https:\/\/hydraredox.com\/wp-content\/uploads\/2017\/07\/hydraRedoxFront4.jpg); background-color: transparent;\"  data-x-element=\"section\" data-x-params=\"{&quot;type&quot;:&quot;image&quot;,&quot;parallax&quot;:true}\" ><div class=\"x-container max width\" style=\"margin: 0px auto;padding: 0px;\"  ><div  class=\"x-column x-sm x-1-1\" style=\"padding: 0px;\" ><h2  class=\"h-custom-headline man h4\" style=\"color: hsl(0, 0%, 100%);font-size:54px;text-shadow: 0 0 20px #000;\"><span>ELECTROLITO DE VANADIO<\/span><\/h2><\/div><\/div><\/div><div id=\"x-section-2\" class=\"x-section cs-ta-center\" style=\"margin: 0px;padding: 70px 0px 0px; background-color: transparent;\"  ><div class=\"x-container max width\" style=\"margin: 0px auto;padding: 0px;\"  ><div  class=\"x-column x-sm cs-ta-justify x-1-1\" style=\"padding: 10px;\" ><h2 id=\"basstre\" class=\"h-custom-headline cs-ta-left man h5\" style=\"color: hsl(30, 98%, 50%);\"><span>PRODUCCI\u00d3N DE ELECTROLITO<\/span><\/h2><div class=\"x-text cs-ta-justify\" style=\"font-size:22px;line-height:27px;\"  ><p>Para el mercado de Bater\u00edas de Flujo Redox de Vanadio (VRFB), HydraRedox Iberia dispone de una planta de producci\u00f3n propia de electrolito con las siguientes caracter\u00edsticas:<\/p>\n<\/div><img  class=\"x-img x-img-none\"  src=\"https:\/\/i0.wp.com\/hydraredox.com\/es\/files\/2019\/08\/Electrolito-Vanadio-e1565450241734.png?ssl=1\"  data-recalc-dims=\"1\"><div class=\"x-text cs-ta-justify\" style=\"font-size:22px;line-height:27px;\"  ><p style=\"text-align: left\">Envasado: IBCs u otros seg\u00fan solicitud y cantidad.<\/p>\n<\/div><\/div><\/div><\/div><div id=\"x-section-3\" class=\"x-section cs-ta-center\" style=\"margin: 0px;padding: 30px 0px 0px; background-color: transparent;\"  ><div class=\"x-container max width\" style=\"margin: 0px auto;padding: 0px;\"  ><div  class=\"x-column x-sm cs-ta-justify x-1-1\" style=\"padding: 20px 0px 0px;\" >&nbsp;<\/div><\/div><\/div><div id=\"x-section-4\" class=\"x-section cs-ta-center\" style=\"margin: 0px;padding: 30px 0px 0px; background-color: transparent;\"  ><div id=\"redox\" class=\"x-container max width\" style=\"margin: 0px auto;padding: 0px;\"  ><div  class=\"x-column x-sm cs-ta-justify x-1-1\" style=\"padding: 20px 0px 0px;\" >&nbsp;<\/div><\/div><div class=\"x-container max width\" style=\"margin: 0px auto;padding: 0px;\"  ><div  class=\"x-column x-sm cs-ta-right x-1-3\" style=\"padding: 20px 0px 0px;\" >&nbsp;<\/div><div  class=\"x-column x-sm x-2-3\" style=\"padding: 0px;\" >&nbsp;<\/div><\/div><div class=\"x-container max width\" style=\"margin: 0px auto;padding: 0px;\"  ><div  class=\"x-column x-sm cs-ta-justify x-1-1\" style=\"padding: 10px 0px 0px;\" >&nbsp;<\/div><\/div><\/div><\/div>\n","protected":false},"excerpt":{"rendered":"","protected":false},"author":4,"featured_media":0,"parent":0,"menu_order":0,"comment_status":"closed","ping_status":"closed","template":"template-blank-4.php","meta":{"spay_email":""},"yoast_head":"<!-- This site is optimized with the Yoast SEO plugin v19.1 - https:\/\/yoast.com\/wordpress\/plugins\/seo\/ -->\n<title>Electrolito - Hydraredox<\/title>\n<meta name=\"description\" content=\"Vanadium redox batteries are formed of two independent sections: power and energy. The power section consists of electrochemical cells that convert chemical energy to electrical energy (and vice versa). The energy section consists of two tanks (positive and negative) in which the energy is stored in chemical form in a solution called the electrolytes.\" \/>\n<meta name=\"robots\" content=\"index, follow, max-snippet:-1, max-image-preview:large, max-video-preview:-1\" \/>\n<link rel=\"canonical\" href=\"https:\/\/hydraredox.com\/es\/electrolitovanadio\/\" \/>\n<meta property=\"og:locale\" content=\"es_ES\" \/>\n<meta property=\"og:type\" content=\"article\" \/>\n<meta property=\"og:title\" content=\"Electrolito - Hydraredox\" \/>\n<meta property=\"og:description\" content=\"Vanadium redox batteries are formed of two independent sections: power and energy. The power section consists of electrochemical cells that convert chemical energy to electrical energy (and vice versa). The energy section consists of two tanks (positive and negative) in which the energy is stored in chemical form in a solution called the electrolytes.\" \/>\n<meta property=\"og:url\" content=\"https:\/\/hydraredox.com\/es\/electrolitovanadio\/\" \/>\n<meta property=\"og:site_name\" content=\"Hydraredox\" \/>\n<meta property=\"article:modified_time\" content=\"2022-06-24T01:06:21+00:00\" \/>\n<meta name=\"twitter:card\" content=\"summary\" \/>\n<meta name=\"twitter:label1\" content=\"Tiempo de lectura\" \/>\n\t<meta name=\"twitter:data1\" content=\"3 minutos\" \/>\n<script type=\"application\/ld+json\" class=\"yoast-schema-graph\">{\"@context\":\"https:\/\/schema.org\",\"@graph\":[{\"@type\":\"WebSite\",\"@id\":\"https:\/\/hydraredox.com\/es\/#website\",\"url\":\"https:\/\/hydraredox.com\/es\/\",\"name\":\"Hydraredox\",\"description\":\"Revolucionaria Tecnolog\u00eda de Vanadio Redox\",\"potentialAction\":[{\"@type\":\"SearchAction\",\"target\":{\"@type\":\"EntryPoint\",\"urlTemplate\":\"https:\/\/hydraredox.com\/es\/?s={search_term_string}\"},\"query-input\":\"required name=search_term_string\"}],\"inLanguage\":\"es\"},{\"@type\":\"WebPage\",\"@id\":\"https:\/\/hydraredox.com\/es\/electrolitovanadio\/#webpage\",\"url\":\"https:\/\/hydraredox.com\/es\/electrolitovanadio\/\",\"name\":\"Electrolito - Hydraredox\",\"isPartOf\":{\"@id\":\"https:\/\/hydraredox.com\/es\/#website\"},\"datePublished\":\"2019-08-09T16:31:57+00:00\",\"dateModified\":\"2022-06-24T01:06:21+00:00\",\"description\":\"Vanadium redox batteries are formed of two independent sections: power and energy. The power section consists of electrochemical cells that convert chemical energy to electrical energy (and vice versa). The energy section consists of two tanks (positive and negative) in which the energy is stored in chemical form in a solution called the electrolytes.\",\"breadcrumb\":{\"@id\":\"https:\/\/hydraredox.com\/es\/electrolitovanadio\/#breadcrumb\"},\"inLanguage\":\"es\",\"potentialAction\":[{\"@type\":\"ReadAction\",\"target\":[\"https:\/\/hydraredox.com\/es\/electrolitovanadio\/\"]}]},{\"@type\":\"BreadcrumbList\",\"@id\":\"https:\/\/hydraredox.com\/es\/electrolitovanadio\/#breadcrumb\",\"itemListElement\":[{\"@type\":\"ListItem\",\"position\":1,\"name\":\"Portada\",\"item\":\"https:\/\/hydraredox.com\/es\/\"},{\"@type\":\"ListItem\",\"position\":2,\"name\":\"Electrolito\"}]}]}<\/script>\n<!-- \/ Yoast SEO plugin. -->","yoast_head_json":{"title":"Electrolito - Hydraredox","description":"Vanadium redox batteries are formed of two independent sections: power and energy. The power section consists of electrochemical cells that convert chemical energy to electrical energy (and vice versa). The energy section consists of two tanks (positive and negative) in which the energy is stored in chemical form in a solution called the electrolytes.","robots":{"index":"index","follow":"follow","max-snippet":"max-snippet:-1","max-image-preview":"max-image-preview:large","max-video-preview":"max-video-preview:-1"},"canonical":"https:\/\/hydraredox.com\/es\/electrolitovanadio\/","og_locale":"es_ES","og_type":"article","og_title":"Electrolito - Hydraredox","og_description":"Vanadium redox batteries are formed of two independent sections: power and energy. The power section consists of electrochemical cells that convert chemical energy to electrical energy (and vice versa). The energy section consists of two tanks (positive and negative) in which the energy is stored in chemical form in a solution called the electrolytes.","og_url":"https:\/\/hydraredox.com\/es\/electrolitovanadio\/","og_site_name":"Hydraredox","article_modified_time":"2022-06-24T01:06:21+00:00","twitter_card":"summary","twitter_misc":{"Tiempo de lectura":"3 minutos"},"schema":{"@context":"https:\/\/schema.org","@graph":[{"@type":"WebSite","@id":"https:\/\/hydraredox.com\/es\/#website","url":"https:\/\/hydraredox.com\/es\/","name":"Hydraredox","description":"Revolucionaria Tecnolog\u00eda de Vanadio Redox","potentialAction":[{"@type":"SearchAction","target":{"@type":"EntryPoint","urlTemplate":"https:\/\/hydraredox.com\/es\/?s={search_term_string}"},"query-input":"required name=search_term_string"}],"inLanguage":"es"},{"@type":"WebPage","@id":"https:\/\/hydraredox.com\/es\/electrolitovanadio\/#webpage","url":"https:\/\/hydraredox.com\/es\/electrolitovanadio\/","name":"Electrolito - Hydraredox","isPartOf":{"@id":"https:\/\/hydraredox.com\/es\/#website"},"datePublished":"2019-08-09T16:31:57+00:00","dateModified":"2022-06-24T01:06:21+00:00","description":"Vanadium redox batteries are formed of two independent sections: power and energy. The power section consists of electrochemical cells that convert chemical energy to electrical energy (and vice versa). The energy section consists of two tanks (positive and negative) in which the energy is stored in chemical form in a solution called the electrolytes.","breadcrumb":{"@id":"https:\/\/hydraredox.com\/es\/electrolitovanadio\/#breadcrumb"},"inLanguage":"es","potentialAction":[{"@type":"ReadAction","target":["https:\/\/hydraredox.com\/es\/electrolitovanadio\/"]}]},{"@type":"BreadcrumbList","@id":"https:\/\/hydraredox.com\/es\/electrolitovanadio\/#breadcrumb","itemListElement":[{"@type":"ListItem","position":1,"name":"Portada","item":"https:\/\/hydraredox.com\/es\/"},{"@type":"ListItem","position":2,"name":"Electrolito"}]}]}},"jetpack_sharing_enabled":true,"jetpack_shortlink":"https:\/\/wp.me\/P991e0-qu","jetpack-related-posts":[{"id":1760,"url":"https:\/\/hydraredox.com\/es\/","url_meta":{"origin":1642,"position":0},"title":"home2","date":"julio 13, 2020","format":false,"excerpt":"","rel":"","context":"Entrada similar","img":{"alt_text":"","src":"","width":0,"height":0},"classes":[]},{"id":76,"url":"https:\/\/hydraredox.com\/es\/aplicaciones\/","url_meta":{"origin":1642,"position":1},"title":"Aplicaciones","date":"febrero 15, 2017","format":false,"excerpt":"HydraRedox\u2019s unique technical specifications, scalability and high degree of customization widely extends its range of applications and end-users. The flexibility of design means that HydraRedox storage can be used for multiple applications (simultaneously or at different times) generating multiple value streams.","rel":"","context":"Entrada similar","img":{"alt_text":"","src":"","width":0,"height":0},"classes":[]},{"id":52,"url":"https:\/\/hydraredox.com\/es\/home\/","url_meta":{"origin":1642,"position":2},"title":"Home","date":"abril 8, 2015","format":false,"excerpt":"ENERGY STORAGE SOLUTIONS FOR THE RENEWABLE SECTOR. Clean, efficient and with generation cost lower than diesel, renewable energy offers a real answer to today\u2019s energy crisis. Intermittency however still poses a challenge with excess supply being wasted and undersupply facing penalties. HydraRedox develops electric energy storage solutions for renewable energy\u2026","rel":"","context":"Entrada similar","img":{"alt_text":"","src":"","width":0,"height":0},"classes":[]},{"id":74,"url":"https:\/\/hydraredox.com\/es\/project\/","url_meta":{"origin":1642,"position":3},"title":"Project","date":"febrero 15, 2017","format":false,"excerpt":"","rel":"","context":"Entrada similar","img":{"alt_text":"","src":"","width":0,"height":0},"classes":[]},{"id":89,"url":"https:\/\/hydraredox.com\/es\/contacto\/","url_meta":{"origin":1642,"position":4},"title":"Contacto","date":"febrero 15, 2017","format":false,"excerpt":"HYDRAREDOX EUROPE LTD, Offices A13-A14 Champion Business Park, Arrowe Brook Road, Wirral CH49 0AB, UNITED KINGDOM, info@hydraredox.com, Tel +1 203 423-3014 HYDRAREDOX IBERIA S.L., Gran V\u00eda 36, 1\u00ba izq., 50.005 ZARAGOZA, SPAIN, contacto@hydraredoxiberia.com, Tel +34 976 228896 HYDRAREDOX TECHNOLOGIES INC, Westport CT 06880, U.S.A, info@hydraredox.com, Tel +1 203 423-3014","rel":"","context":"Entrada similar","img":{"alt_text":"","src":"","width":0,"height":0},"classes":[]},{"id":78,"url":"https:\/\/hydraredox.com\/es\/tecnologia\/","url_meta":{"origin":1642,"position":5},"title":"Tecnolog\u00eda","date":"febrero 15, 2017","format":false,"excerpt":"The Hydraredox system is composed of two independent sections: power and energy. The power section is composed of individual electrochemical cells connected electrically in series which transform electrical energy into electrochemical energy (charge), and subsequently re-transforms it into electrical energy (discharge). The power required is achieved using a modular system\u2026","rel":"","context":"Entrada similar","img":{"alt_text":"","src":"","width":0,"height":0},"classes":[]}],"_links":{"self":[{"href":"https:\/\/hydraredox.com\/es\/wp-json\/wp\/v2\/pages\/1642"}],"collection":[{"href":"https:\/\/hydraredox.com\/es\/wp-json\/wp\/v2\/pages"}],"about":[{"href":"https:\/\/hydraredox.com\/es\/wp-json\/wp\/v2\/types\/page"}],"author":[{"embeddable":true,"href":"https:\/\/hydraredox.com\/es\/wp-json\/wp\/v2\/users\/4"}],"replies":[{"embeddable":true,"href":"https:\/\/hydraredox.com\/es\/wp-json\/wp\/v2\/comments?post=1642"}],"version-history":[{"count":20,"href":"https:\/\/hydraredox.com\/es\/wp-json\/wp\/v2\/pages\/1642\/revisions"}],"predecessor-version":[{"id":2117,"href":"https:\/\/hydraredox.com\/es\/wp-json\/wp\/v2\/pages\/1642\/revisions\/2117"}],"wp:attachment":[{"href":"https:\/\/hydraredox.com\/es\/wp-json\/wp\/v2\/media?parent=1642"}],"curies":[{"name":"wp","href":"https:\/\/api.w.org\/{rel}","templated":true}]}}